{"id":10912,"date":"2020-01-06T21:57:46","date_gmt":"2020-01-07T02:57:46","guid":{"rendered":"https:\/\/fittingsgo.com\/product\/crc-zinc-mate-fr\/"},"modified":"2025-08-15T09:15:28","modified_gmt":"2025-08-15T14:15:28","slug":"crc-zinc-mate-fr","status":"publish","type":"product","link":"https:\/\/fittingsgo.com\/fr\/produit\/crc-zinc-mate-fr\/","title":{"rendered":"CRC Zinc Mate"},"content":{"rendered":"<p>75054<\/p>\n<div id=\"themify_builder_content-10912\" data-postid=\"10912\" class=\"themify_builder_content themify_builder_content-10912 themify_builder\">\n    <\/div>\n<!-- \/themify_builder_content -->\n","protected":false},"excerpt":{"rendered":"<p>&#8211; Le rev\u00eatement de zinc pur \u00e0 plus de 93% combat activement la rouille et la corrosion.<br \/>\n&#8211; Utiliser comme retouche pour les rev\u00eatements galvanis\u00e9s endommag\u00e9s.<br \/>\n&#8211; S\u00e8che rapidement.<br \/>\nFabriqu\u00e9 par CRC<\/p>\n","protected":false},"featured_media":10911,"comment_status":"open","ping_status":"closed","template":"","meta":[],"product_brand":[],"product_cat":[326],"product_tag":[180,189,177],"class_list":{"0":"post-10912","1":"product","2":"type-product","3":"status-publish","4":"has-post-thumbnail","6":"product_cat-peintures-apprets-etc","7":"product_tag-automotive-fr","8":"product_tag-fournitures-datelier","9":"product_tag-pieces-dautos","10":"has-post-title","11":"has-post-date","12":"has-post-category","13":"has-post-tag","14":"has-post-comment","15":"has-post-author","16":"","17":"fullcover","19":"first","20":"instock","21":"taxable","22":"shipping-taxable","23":"purchasable","24":"product-type-simple"},"jetpack_sharing_enabled":true,"builder_content":"","_links":{"self":[{"href":"https:\/\/fittingsgo.com\/fr\/wp-json\/wp\/v2\/product\/10912","targetHints":{"allow":["GET"]}}],"collection":[{"href":"https:\/\/fittingsgo.com\/fr\/wp-json\/wp\/v2\/product"}],"about":[{"href":"https:\/\/fittingsgo.com\/fr\/wp-json\/wp\/v2\/types\/product"}],"replies":[{"embeddable":true,"href":"https:\/\/fittingsgo.com\/fr\/wp-json\/wp\/v2\/comments?post=10912"}],"wp:featuredmedia":[{"embeddable":true,"href":"https:\/\/fittingsgo.com\/fr\/wp-json\/wp\/v2\/media\/10911"}],"wp:attachment":[{"href":"https:\/\/fittingsgo.com\/fr\/wp-json\/wp\/v2\/media?parent=10912"}],"wp:term":[{"taxonomy":"product_brand","embeddable":true,"href":"https:\/\/fittingsgo.com\/fr\/wp-json\/wp\/v2\/product_brand?post=10912"},{"taxonomy":"product_cat","embeddable":true,"href":"https:\/\/fittingsgo.com\/fr\/wp-json\/wp\/v2\/product_cat?post=10912"},{"taxonomy":"product_tag","embeddable":true,"href":"https:\/\/fittingsgo.com\/fr\/wp-json\/wp\/v2\/product_tag?post=10912"}],"curies":[{"name":"wp","href":"https:\/\/api.w.org\/{rel}","templated":true}]}}