{"id":10892,"date":"2020-01-06T00:00:47","date_gmt":"2020-01-06T05:00:47","guid":{"rendered":"https:\/\/fittingsgo.com\/product\/bloquage-de-ligne-de-climatisation-arriere\/"},"modified":"2020-05-04T21:20:45","modified_gmt":"2020-05-05T02:20:45","slug":"bloquage-de-ligne-de-climatisation-arriere","status":"publish","type":"product","link":"https:\/\/fittingsgo.com\/fr\/produit\/bloquage-de-ligne-de-climatisation-arriere\/","title":{"rendered":"Bloquage de ligne de climatisation arri\u00e8re"},"content":{"rendered":"<p>76501, 76502, 76503, 76504, 76505, 77510, 77512, 77516<\/p>\n<div id=\"themify_builder_content-10892\" data-postid=\"10892\" class=\"themify_builder_content themify_builder_content-10892 themify_builder\">\n    <\/div>\n<!-- \/themify_builder_content -->\n","protected":false},"excerpt":{"rendered":"<p>\u2013 La technologie d\u2019\u00e9tanch\u00e9it\u00e9 unique de Line Splice cr\u00e9e une liaison 10 fois plus large qu\u2019un joint torique.<br \/>\n\u2013 Une r\u00e9paration permanente<br \/>\n\u2013 S\u2019installe avec une cl\u00e9 plate.<br \/>\nFabriqu\u00e9 par FMSI<\/p>\n","protected":false},"featured_media":10891,"comment_status":"open","ping_status":"closed","template":"","meta":[],"product_brand":[],"product_cat":[641],"product_tag":[180,189,177,179],"class_list":{"0":"post-10892","1":"product","2":"type-product","3":"status-publish","4":"has-post-thumbnail","6":"product_cat-lignes-de-reparation-et-blocages-de-climatisation","7":"product_tag-automotive-fr","8":"product_tag-fournitures-datelier","9":"product_tag-pieces-dautos","10":"product_tag-tuyau","11":"has-post-title","12":"has-post-date","13":"has-post-category","14":"has-post-tag","15":"has-post-comment","16":"has-post-author","17":"","18":"fullcover","20":"first","21":"instock","22":"taxable","23":"shipping-taxable","24":"purchasable","25":"product-type-variable"},"jetpack_sharing_enabled":true,"builder_content":"","_links":{"self":[{"href":"https:\/\/fittingsgo.com\/fr\/wp-json\/wp\/v2\/product\/10892","targetHints":{"allow":["GET"]}}],"collection":[{"href":"https:\/\/fittingsgo.com\/fr\/wp-json\/wp\/v2\/product"}],"about":[{"href":"https:\/\/fittingsgo.com\/fr\/wp-json\/wp\/v2\/types\/product"}],"replies":[{"embeddable":true,"href":"https:\/\/fittingsgo.com\/fr\/wp-json\/wp\/v2\/comments?post=10892"}],"wp:featuredmedia":[{"embeddable":true,"href":"https:\/\/fittingsgo.com\/fr\/wp-json\/wp\/v2\/media\/10891"}],"wp:attachment":[{"href":"https:\/\/fittingsgo.com\/fr\/wp-json\/wp\/v2\/media?parent=10892"}],"wp:term":[{"taxonomy":"product_brand","embeddable":true,"href":"https:\/\/fittingsgo.com\/fr\/wp-json\/wp\/v2\/product_brand?post=10892"},{"taxonomy":"product_cat","embeddable":true,"href":"https:\/\/fittingsgo.com\/fr\/wp-json\/wp\/v2\/product_cat?post=10892"},{"taxonomy":"product_tag","embeddable":true,"href":"https:\/\/fittingsgo.com\/fr\/wp-json\/wp\/v2\/product_tag?post=10892"}],"curies":[{"name":"wp","href":"https:\/\/api.w.org\/{rel}","templated":true}]}}