{"id":10864,"date":"2020-01-04T23:27:26","date_gmt":"2020-01-05T04:27:26","guid":{"rendered":"https:\/\/fittingsgo.com\/product\/epissure-de-ligne-a-c\/"},"modified":"2020-05-04T21:23:38","modified_gmt":"2020-05-05T02:23:38","slug":"epissure-de-ligne-a-c","status":"publish","type":"product","link":"https:\/\/fittingsgo.com\/fr\/produit\/epissure-de-ligne-a-c\/","title":{"rendered":"\u00c9pissure de ligne A\/C"},"content":{"rendered":"<p>76001, 76002, 76003, 76011, 76012, 77010, 77012, 77015<\/p>\n<div id=\"themify_builder_content-10864\" data-postid=\"10864\" class=\"themify_builder_content themify_builder_content-10864 themify_builder\">\n    <\/div>\n<!-- \/themify_builder_content -->\n","protected":false},"excerpt":{"rendered":"<p>&#8211; La technologie d&#8217;\u00e9tanch\u00e9it\u00e9 unique de Line Splice cr\u00e9e une liaison 10 fois plus large qu&#8217;un joint torique.<br \/>\n&#8211; Une r\u00e9paration permanente<br \/>\n&#8211; S&#8217;installe avec une cl\u00e9 plate.<br \/>\nFabriqu\u00e9 par FMSI<\/p>\n","protected":false},"featured_media":10863,"comment_status":"open","ping_status":"closed","template":"","meta":[],"product_brand":[],"product_cat":[641],"product_tag":[180,189,177,179],"class_list":{"0":"post-10864","1":"product","2":"type-product","3":"status-publish","4":"has-post-thumbnail","6":"product_cat-lignes-de-reparation-et-blocages-de-climatisation","7":"product_tag-automotive-fr","8":"product_tag-fournitures-datelier","9":"product_tag-pieces-dautos","10":"product_tag-tuyau","11":"has-post-title","12":"has-post-date","13":"has-post-category","14":"has-post-tag","15":"has-post-comment","16":"has-post-author","17":"","18":"fullcover","20":"first","21":"instock","22":"taxable","23":"shipping-taxable","24":"purchasable","25":"product-type-variable"},"jetpack_sharing_enabled":true,"builder_content":"","_links":{"self":[{"href":"https:\/\/fittingsgo.com\/fr\/wp-json\/wp\/v2\/product\/10864","targetHints":{"allow":["GET"]}}],"collection":[{"href":"https:\/\/fittingsgo.com\/fr\/wp-json\/wp\/v2\/product"}],"about":[{"href":"https:\/\/fittingsgo.com\/fr\/wp-json\/wp\/v2\/types\/product"}],"replies":[{"embeddable":true,"href":"https:\/\/fittingsgo.com\/fr\/wp-json\/wp\/v2\/comments?post=10864"}],"wp:featuredmedia":[{"embeddable":true,"href":"https:\/\/fittingsgo.com\/fr\/wp-json\/wp\/v2\/media\/10863"}],"wp:attachment":[{"href":"https:\/\/fittingsgo.com\/fr\/wp-json\/wp\/v2\/media?parent=10864"}],"wp:term":[{"taxonomy":"product_brand","embeddable":true,"href":"https:\/\/fittingsgo.com\/fr\/wp-json\/wp\/v2\/product_brand?post=10864"},{"taxonomy":"product_cat","embeddable":true,"href":"https:\/\/fittingsgo.com\/fr\/wp-json\/wp\/v2\/product_cat?post=10864"},{"taxonomy":"product_tag","embeddable":true,"href":"https:\/\/fittingsgo.com\/fr\/wp-json\/wp\/v2\/product_tag?post=10864"}],"curies":[{"name":"wp","href":"https:\/\/api.w.org\/{rel}","templated":true}]}}