{"id":10840,"date":"2020-01-04T21:53:43","date_gmt":"2020-01-05T02:53:43","guid":{"rendered":"https:\/\/fittingsgo.com\/product\/douille-a-choc-longue-17-mm-1-2-po-dr\/"},"modified":"2020-01-04T22:08:44","modified_gmt":"2020-01-05T03:08:44","slug":"douille-a-choc-longue-17-mm-1-2-po-dr","status":"publish","type":"product","link":"https:\/\/fittingsgo.com\/fr\/produit\/douille-a-choc-longue-17-mm-1-2-po-dr\/","title":{"rendered":"Douille \u00e0 choc longue 17 mm 1\/2 po dr"},"content":{"rendered":"<p>M867<\/p>\n<div id=\"themify_builder_content-10840\" data-postid=\"10840\" class=\"themify_builder_content themify_builder_content-10840 themify_builder\">\n    <\/div>\n<!-- \/themify_builder_content -->\n","protected":false},"excerpt":{"rendered":"<p>&#8211; 6 pans<br \/>\n&#8211; Acier au chrome vanadium forg\u00e9 pour plus de r\u00e9sistance et de durabilit\u00e9.<br \/>\n&#8211; Coins arrondis pour une prise plus serr\u00e9e.<br \/>\nFabriqu\u00e9 par Performance Tool<\/p>\n","protected":false},"featured_media":10837,"comment_status":"open","ping_status":"closed","template":"","meta":[],"product_brand":[],"product_cat":[218],"product_tag":[180,189,177],"class_list":{"0":"post-10840","1":"product","2":"type-product","3":"status-publish","4":"has-post-thumbnail","6":"product_cat-outils-de-pneus-et-roues","7":"product_tag-automotive-fr","8":"product_tag-fournitures-datelier","9":"product_tag-pieces-dautos","10":"has-post-title","11":"has-post-date","12":"has-post-category","13":"has-post-tag","14":"has-post-comment","15":"has-post-author","16":"","17":"fullcover","19":"first","20":"instock","21":"taxable","22":"shipping-taxable","23":"purchasable","24":"product-type-simple"},"jetpack_sharing_enabled":true,"builder_content":"","_links":{"self":[{"href":"https:\/\/fittingsgo.com\/fr\/wp-json\/wp\/v2\/product\/10840","targetHints":{"allow":["GET"]}}],"collection":[{"href":"https:\/\/fittingsgo.com\/fr\/wp-json\/wp\/v2\/product"}],"about":[{"href":"https:\/\/fittingsgo.com\/fr\/wp-json\/wp\/v2\/types\/product"}],"replies":[{"embeddable":true,"href":"https:\/\/fittingsgo.com\/fr\/wp-json\/wp\/v2\/comments?post=10840"}],"wp:featuredmedia":[{"embeddable":true,"href":"https:\/\/fittingsgo.com\/fr\/wp-json\/wp\/v2\/media\/10837"}],"wp:attachment":[{"href":"https:\/\/fittingsgo.com\/fr\/wp-json\/wp\/v2\/media?parent=10840"}],"wp:term":[{"taxonomy":"product_brand","embeddable":true,"href":"https:\/\/fittingsgo.com\/fr\/wp-json\/wp\/v2\/product_brand?post=10840"},{"taxonomy":"product_cat","embeddable":true,"href":"https:\/\/fittingsgo.com\/fr\/wp-json\/wp\/v2\/product_cat?post=10840"},{"taxonomy":"product_tag","embeddable":true,"href":"https:\/\/fittingsgo.com\/fr\/wp-json\/wp\/v2\/product_tag?post=10840"}],"curies":[{"name":"wp","href":"https:\/\/api.w.org\/{rel}","templated":true}]}}