{"id":10815,"date":"2020-01-04T20:26:04","date_gmt":"2020-01-05T01:26:04","guid":{"rendered":"https:\/\/fittingsgo.com\/product\/jeu-de-7-pc-vw-audi-porsche-triple-square\/"},"modified":"2020-09-07T11:15:38","modified_gmt":"2020-09-07T16:15:38","slug":"jeu-de-7-pc-vw-audi-porsche-triple-square","status":"publish","type":"product","link":"https:\/\/fittingsgo.com\/fr\/produit\/jeu-de-7-pc-vw-audi-porsche-triple-square\/","title":{"rendered":"Jeu de 7-PC VW-AUDI-PORSCHE \u00abTriple Square\u00bb"},"content":{"rendered":"<p>&#8211; Pour travailler avec des boulons \u00e0 t\u00eate, des \u00e9triers de frein \u00e0 disque, des arbres d&#8217;essieu et d&#8217;autres applications.<br \/>\n&#8211; Pour les travaux n\u00e9cessitant un tr\u00e9pan dentel\u00e9 triple carr\u00e9.<br \/>\n&#8211; Comprend des douilles CRV avec des embouts en acier S2 pour plus de durabilit\u00e9.<br \/>\n&#8211; Mallette de rangement moul\u00e9e par soufflage.<br \/>\nW83016, 6300<\/p>\n<div id=\"themify_builder_content-10815\" data-postid=\"10815\" class=\"themify_builder_content themify_builder_content-10815 themify_builder\">\n    <\/div>\n<!-- \/themify_builder_content -->\n","protected":false},"excerpt":{"rendered":"<p>3\/8 po dr.<br \/>\n&#8211; Court: 12 mm<br \/>\n&#8211; Long: 8 mm, 10 mm , 14 mm<br \/>\n1\/2 po dr.<br \/>\n&#8211; \u00c9pandeur rond<br \/>\nBits<br \/>\n&#8211; 14 mm, 16 mm<br \/>\nFabriqu\u00e9 par Performance Tool<\/p>\n","protected":false},"featured_media":10812,"comment_status":"open","ping_status":"closed","template":"","meta":[],"product_brand":[],"product_cat":[236],"product_tag":[180,189,177],"class_list":{"0":"post-10815","1":"product","2":"type-product","3":"status-publish","4":"has-post-thumbnail","6":"product_cat-jeux-de-douilles","7":"product_tag-automotive-fr","8":"product_tag-fournitures-datelier","9":"product_tag-pieces-dautos","10":"has-post-title","11":"has-post-date","12":"has-post-category","13":"has-post-tag","14":"has-post-comment","15":"has-post-author","16":"","17":"fullcover","19":"first","20":"instock","21":"taxable","22":"shipping-taxable","23":"purchasable","24":"product-type-simple"},"jetpack_sharing_enabled":true,"builder_content":"","_links":{"self":[{"href":"https:\/\/fittingsgo.com\/fr\/wp-json\/wp\/v2\/product\/10815","targetHints":{"allow":["GET"]}}],"collection":[{"href":"https:\/\/fittingsgo.com\/fr\/wp-json\/wp\/v2\/product"}],"about":[{"href":"https:\/\/fittingsgo.com\/fr\/wp-json\/wp\/v2\/types\/product"}],"replies":[{"embeddable":true,"href":"https:\/\/fittingsgo.com\/fr\/wp-json\/wp\/v2\/comments?post=10815"}],"wp:featuredmedia":[{"embeddable":true,"href":"https:\/\/fittingsgo.com\/fr\/wp-json\/wp\/v2\/media\/10812"}],"wp:attachment":[{"href":"https:\/\/fittingsgo.com\/fr\/wp-json\/wp\/v2\/media?parent=10815"}],"wp:term":[{"taxonomy":"product_brand","embeddable":true,"href":"https:\/\/fittingsgo.com\/fr\/wp-json\/wp\/v2\/product_brand?post=10815"},{"taxonomy":"product_cat","embeddable":true,"href":"https:\/\/fittingsgo.com\/fr\/wp-json\/wp\/v2\/product_cat?post=10815"},{"taxonomy":"product_tag","embeddable":true,"href":"https:\/\/fittingsgo.com\/fr\/wp-json\/wp\/v2\/product_tag?post=10815"}],"curies":[{"name":"wp","href":"https:\/\/api.w.org\/{rel}","templated":true}]}}