{"id":10805,"date":"2020-01-04T20:15:29","date_gmt":"2020-01-05T01:15:29","guid":{"rendered":"https:\/\/fittingsgo.com\/product\/douille-pour-bouchon-dhuile-vw\/"},"modified":"2020-01-04T20:17:46","modified_gmt":"2020-01-05T01:17:46","slug":"douille-pour-bouchon-dhuile-vw","status":"publish","type":"product","link":"https:\/\/fittingsgo.com\/fr\/produit\/douille-pour-bouchon-dhuile-vw\/","title":{"rendered":"Douille pour bouchon d&#8217;huile VW"},"content":{"rendered":"<div id=\"themify_builder_content-10805\" data-postid=\"10805\" class=\"themify_builder_content themify_builder_content-10805 themify_builder\">\n    <\/div>\n<!-- \/themify_builder_content -->\n","protected":false},"excerpt":{"rendered":"<p>&#8211; Pour les bouchons de vidange et de remplissage du moteur et de la transmission sur Volkswagen et autres v\u00e9hicules allemands.<br \/>\n&#8211; Acier alli\u00e9 trait\u00e9 thermiquement et zingu\u00e9. Pas pour un impact.<br \/>\n&#8211; Avec le trou \u00abtamper\u00bb<br \/>\nFabriqu\u00e9 par Performance Tool<\/p>\n","protected":false},"featured_media":10802,"comment_status":"open","ping_status":"closed","template":"","meta":[],"product_brand":[],"product_cat":[308],"product_tag":[180,189,177],"class_list":{"0":"post-10805","1":"product","2":"type-product","3":"status-publish","4":"has-post-thumbnail","6":"product_cat-cles-douilles-pour-filtres-a-huile","7":"product_tag-automotive-fr","8":"product_tag-fournitures-datelier","9":"product_tag-pieces-dautos","10":"has-post-title","11":"has-post-date","12":"has-post-category","13":"has-post-tag","14":"has-post-comment","15":"has-post-author","16":"","17":"fullcover","19":"first","20":"instock","21":"taxable","22":"shipping-taxable","23":"purchasable","24":"product-type-simple"},"jetpack_sharing_enabled":true,"builder_content":"","_links":{"self":[{"href":"https:\/\/fittingsgo.com\/fr\/wp-json\/wp\/v2\/product\/10805","targetHints":{"allow":["GET"]}}],"collection":[{"href":"https:\/\/fittingsgo.com\/fr\/wp-json\/wp\/v2\/product"}],"about":[{"href":"https:\/\/fittingsgo.com\/fr\/wp-json\/wp\/v2\/types\/product"}],"replies":[{"embeddable":true,"href":"https:\/\/fittingsgo.com\/fr\/wp-json\/wp\/v2\/comments?post=10805"}],"wp:featuredmedia":[{"embeddable":true,"href":"https:\/\/fittingsgo.com\/fr\/wp-json\/wp\/v2\/media\/10802"}],"wp:attachment":[{"href":"https:\/\/fittingsgo.com\/fr\/wp-json\/wp\/v2\/media?parent=10805"}],"wp:term":[{"taxonomy":"product_brand","embeddable":true,"href":"https:\/\/fittingsgo.com\/fr\/wp-json\/wp\/v2\/product_brand?post=10805"},{"taxonomy":"product_cat","embeddable":true,"href":"https:\/\/fittingsgo.com\/fr\/wp-json\/wp\/v2\/product_cat?post=10805"},{"taxonomy":"product_tag","embeddable":true,"href":"https:\/\/fittingsgo.com\/fr\/wp-json\/wp\/v2\/product_tag?post=10805"}],"curies":[{"name":"wp","href":"https:\/\/api.w.org\/{rel}","templated":true}]}}