{"id":10793,"date":"2020-01-04T19:55:00","date_gmt":"2020-01-05T00:55:00","guid":{"rendered":"https:\/\/fittingsgo.com\/product\/reservoir-dair-portable\/"},"modified":"2020-01-04T22:06:00","modified_gmt":"2020-01-05T03:06:00","slug":"reservoir-air-portable-5-gallons","status":"publish","type":"product","link":"https:\/\/fittingsgo.com\/fr\/produit\/reservoir-air-portable-5-gallons\/","title":{"rendered":"R\u00e9servoir d&#8217;air portable 5 gallons"},"content":{"rendered":"<p>W10005<\/p>\n<div id=\"themify_builder_content-10793\" data-postid=\"10793\" class=\"themify_builder_content themify_builder_content-10793 themify_builder\">\n    <\/div>\n<!-- \/themify_builder_content -->\n","protected":false},"excerpt":{"rendered":"<p>&#8211; L\u00e9ger, portable avec poign\u00e9e pour un transport facile.<br \/>\n&#8211; Soupape de d\u00e9rivation de pression de s\u00e9curit\u00e9 avec commande manuelle.<br \/>\n&#8211; Molette de r\u00e9glage de l&#8217;air on \/ off.<br \/>\n&#8211; Tuyau d&#8217;air de qualit\u00e9 industrielle avec mandrin pneumatique standard.<br \/>\n&#8211; 25 PSI maximum.<br \/>\nFabriqu\u00e9 par Performance Tool<\/p>\n","protected":false},"featured_media":10788,"comment_status":"open","ping_status":"closed","template":"","meta":[],"product_brand":[],"product_cat":[218],"product_tag":[180,189,177],"class_list":{"0":"post-10793","1":"product","2":"type-product","3":"status-publish","4":"has-post-thumbnail","6":"product_cat-outils-de-pneus-et-roues","7":"product_tag-automotive-fr","8":"product_tag-fournitures-datelier","9":"product_tag-pieces-dautos","10":"has-post-title","11":"has-post-date","12":"has-post-category","13":"has-post-tag","14":"has-post-comment","15":"has-post-author","16":"","17":"fullcover","19":"first","20":"instock","21":"taxable","22":"shipping-taxable","23":"purchasable","24":"product-type-simple"},"jetpack_sharing_enabled":true,"builder_content":"","_links":{"self":[{"href":"https:\/\/fittingsgo.com\/fr\/wp-json\/wp\/v2\/product\/10793","targetHints":{"allow":["GET"]}}],"collection":[{"href":"https:\/\/fittingsgo.com\/fr\/wp-json\/wp\/v2\/product"}],"about":[{"href":"https:\/\/fittingsgo.com\/fr\/wp-json\/wp\/v2\/types\/product"}],"replies":[{"embeddable":true,"href":"https:\/\/fittingsgo.com\/fr\/wp-json\/wp\/v2\/comments?post=10793"}],"wp:featuredmedia":[{"embeddable":true,"href":"https:\/\/fittingsgo.com\/fr\/wp-json\/wp\/v2\/media\/10788"}],"wp:attachment":[{"href":"https:\/\/fittingsgo.com\/fr\/wp-json\/wp\/v2\/media?parent=10793"}],"wp:term":[{"taxonomy":"product_brand","embeddable":true,"href":"https:\/\/fittingsgo.com\/fr\/wp-json\/wp\/v2\/product_brand?post=10793"},{"taxonomy":"product_cat","embeddable":true,"href":"https:\/\/fittingsgo.com\/fr\/wp-json\/wp\/v2\/product_cat?post=10793"},{"taxonomy":"product_tag","embeddable":true,"href":"https:\/\/fittingsgo.com\/fr\/wp-json\/wp\/v2\/product_tag?post=10793"}],"curies":[{"name":"wp","href":"https:\/\/api.w.org\/{rel}","templated":true}]}}