{"id":10785,"date":"2020-01-04T19:39:22","date_gmt":"2020-01-05T00:39:22","guid":{"rendered":"https:\/\/fittingsgo.com\/product\/stethoscope-automobile\/"},"modified":"2020-01-04T19:41:48","modified_gmt":"2020-01-05T00:41:48","slug":"stethoscope-automobile","status":"publish","type":"product","link":"https:\/\/fittingsgo.com\/fr\/produit\/stethoscope-automobile\/","title":{"rendered":"St\u00e9thoscope automobile"},"content":{"rendered":"<p>W80582<\/p>\n<div id=\"themify_builder_content-10785\" data-postid=\"10785\" class=\"themify_builder_content themify_builder_content-10785 themify_builder\">\n    <\/div>\n<!-- \/themify_builder_content -->\n","protected":false},"excerpt":{"rendered":"<p>&#8211; Aide \u00e0 identifier les bruits dans les assemblages automobiles, y compris le moteur, la transmission, l&#8217;essieu arri\u00e8re, la bo\u00eete de transfert, le train de soupapes, etc.<br \/>\n&#8211; Super sensible<br \/>\nFabriqu\u00e9 par Performance Tool<\/p>\n","protected":false},"featured_media":10780,"comment_status":"open","ping_status":"closed","template":"","meta":[],"product_brand":[],"product_cat":[339],"product_tag":[180,189,177],"class_list":{"0":"post-10785","1":"product","2":"type-product","3":"status-publish","4":"has-post-thumbnail","6":"product_cat-outils-de-moteur-transmission","7":"product_tag-automotive-fr","8":"product_tag-fournitures-datelier","9":"product_tag-pieces-dautos","10":"has-post-title","11":"has-post-date","12":"has-post-category","13":"has-post-tag","14":"has-post-comment","15":"has-post-author","16":"","17":"fullcover","19":"first","20":"instock","21":"taxable","22":"shipping-taxable","23":"purchasable","24":"product-type-simple"},"jetpack_sharing_enabled":true,"builder_content":"","_links":{"self":[{"href":"https:\/\/fittingsgo.com\/fr\/wp-json\/wp\/v2\/product\/10785","targetHints":{"allow":["GET"]}}],"collection":[{"href":"https:\/\/fittingsgo.com\/fr\/wp-json\/wp\/v2\/product"}],"about":[{"href":"https:\/\/fittingsgo.com\/fr\/wp-json\/wp\/v2\/types\/product"}],"replies":[{"embeddable":true,"href":"https:\/\/fittingsgo.com\/fr\/wp-json\/wp\/v2\/comments?post=10785"}],"wp:featuredmedia":[{"embeddable":true,"href":"https:\/\/fittingsgo.com\/fr\/wp-json\/wp\/v2\/media\/10780"}],"wp:attachment":[{"href":"https:\/\/fittingsgo.com\/fr\/wp-json\/wp\/v2\/media?parent=10785"}],"wp:term":[{"taxonomy":"product_brand","embeddable":true,"href":"https:\/\/fittingsgo.com\/fr\/wp-json\/wp\/v2\/product_brand?post=10785"},{"taxonomy":"product_cat","embeddable":true,"href":"https:\/\/fittingsgo.com\/fr\/wp-json\/wp\/v2\/product_cat?post=10785"},{"taxonomy":"product_tag","embeddable":true,"href":"https:\/\/fittingsgo.com\/fr\/wp-json\/wp\/v2\/product_tag?post=10785"}],"curies":[{"name":"wp","href":"https:\/\/api.w.org\/{rel}","templated":true}]}}