{"id":10763,"date":"2020-01-04T17:50:04","date_gmt":"2020-01-04T22:50:04","guid":{"rendered":"https:\/\/fittingsgo.com\/product\/trousse-doutils-pour-embouts-interieurs\/"},"modified":"2020-01-04T22:22:34","modified_gmt":"2020-01-05T03:22:34","slug":"trousse-doutils-pour-embouts-interieurs","status":"publish","type":"product","link":"https:\/\/fittingsgo.com\/fr\/produit\/trousse-doutils-pour-embouts-interieurs\/","title":{"rendered":"Trousse d&#8217;outils pour embouts int\u00e9rieurs"},"content":{"rendered":"<p>W89302, 45750, 54500<\/p>\n<div id=\"themify_builder_content-10763\" data-postid=\"10763\" class=\"themify_builder_content themify_builder_content-10763 themify_builder\">\n    <\/div>\n<!-- \/themify_builder_content -->\n","protected":false},"excerpt":{"rendered":"<p>&#8211; Con\u00e7u pour retirer et installer les embouts int\u00e9rieurs rapidement et facilement.<br \/>\n&#8211; Remplace l&#8217;embout int\u00e9rieur sans retirer la cr\u00e9maill\u00e8re et le pignon.<br \/>\n&#8211; Construction en acier forg\u00e9 pour la durabilit\u00e9,<br \/>\n&#8211; Pas pour les ensembles pignon et cr\u00e9maill\u00e8re de type &#8220;Saginaw&#8221;.<br \/>\nSAE: 1-3\/16 po, 1-1\/4 po, 1-5\/16 po, 1-3\/8 po, 1-7\/16 po, 1-1\/2 po<br \/>\nM\u00e9trique: 29 mm, 32,5 mm 33,6 mm, 38,4 mm, 40 mm, 42 mm<br \/>\nFabriqu\u00e9 par Performance Tool<\/p>\n","protected":false},"featured_media":10754,"comment_status":"open","ping_status":"closed","template":"","meta":[],"product_brand":[],"product_cat":[230],"product_tag":[180,189,177],"class_list":{"0":"post-10763","1":"product","2":"type-product","3":"status-publish","4":"has-post-thumbnail","6":"product_cat-outils-de-suspension-et-direction","7":"product_tag-automotive-fr","8":"product_tag-fournitures-datelier","9":"product_tag-pieces-dautos","10":"has-post-title","11":"has-post-date","12":"has-post-category","13":"has-post-tag","14":"has-post-comment","15":"has-post-author","16":"","17":"fullcover","19":"first","20":"instock","21":"taxable","22":"shipping-taxable","23":"purchasable","24":"product-type-simple"},"jetpack_sharing_enabled":true,"builder_content":"","_links":{"self":[{"href":"https:\/\/fittingsgo.com\/fr\/wp-json\/wp\/v2\/product\/10763","targetHints":{"allow":["GET"]}}],"collection":[{"href":"https:\/\/fittingsgo.com\/fr\/wp-json\/wp\/v2\/product"}],"about":[{"href":"https:\/\/fittingsgo.com\/fr\/wp-json\/wp\/v2\/types\/product"}],"replies":[{"embeddable":true,"href":"https:\/\/fittingsgo.com\/fr\/wp-json\/wp\/v2\/comments?post=10763"}],"wp:featuredmedia":[{"embeddable":true,"href":"https:\/\/fittingsgo.com\/fr\/wp-json\/wp\/v2\/media\/10754"}],"wp:attachment":[{"href":"https:\/\/fittingsgo.com\/fr\/wp-json\/wp\/v2\/media?parent=10763"}],"wp:term":[{"taxonomy":"product_brand","embeddable":true,"href":"https:\/\/fittingsgo.com\/fr\/wp-json\/wp\/v2\/product_brand?post=10763"},{"taxonomy":"product_cat","embeddable":true,"href":"https:\/\/fittingsgo.com\/fr\/wp-json\/wp\/v2\/product_cat?post=10763"},{"taxonomy":"product_tag","embeddable":true,"href":"https:\/\/fittingsgo.com\/fr\/wp-json\/wp\/v2\/product_tag?post=10763"}],"curies":[{"name":"wp","href":"https:\/\/api.w.org\/{rel}","templated":true}]}}