{"id":10737,"date":"2020-01-04T17:04:31","date_gmt":"2020-01-04T22:04:31","guid":{"rendered":"https:\/\/fittingsgo.com\/product\/disques-de-coupe-pour-meuleuses\/"},"modified":"2020-04-26T20:32:46","modified_gmt":"2020-04-27T01:32:46","slug":"disques-de-coupe-pour-meuleuses-droites","status":"publish","type":"product","link":"https:\/\/fittingsgo.com\/fr\/produit\/disques-de-coupe-pour-meuleuses-droites\/","title":{"rendered":"Disques de coupe pour meuleuses droites"},"content":{"rendered":"<p>501061, 501062, 501067, 501072<\/p>\n<div id=\"themify_builder_content-10737\" data-postid=\"10737\" class=\"themify_builder_content themify_builder_content-10737 themify_builder\">\n    <\/div>\n<!-- \/themify_builder_content -->\n","protected":false},"excerpt":{"rendered":"<p>POWERPLUS<br \/>\nDisques \u00e0 tron\u00e7onner &#8211; Haute performance (pour meuleuses \u00e0 matrice)<br \/>\n&#8211; Les meules de tron\u00e7onnage hautes performances POWERPLUS sont excellentes pour couper tous les mat\u00e9riaux en acier tout en offrant une vitesse de coupe exceptionnelle et une longue dur\u00e9e de vie des meules.<br \/>\n&#8211; Utilis\u00e9 sur toutes les meuleuses \u00e9lectriques et pneumatiques ainsi que sur les outils de coupure d&#8217;air de 3 po et 4 po.<br \/>\nFabriqu\u00e9 par Surewerx<\/p>\n","protected":false},"featured_media":10736,"comment_status":"open","ping_status":"closed","template":"","meta":[],"product_brand":[],"product_cat":[226],"product_tag":[180,189,177],"class_list":{"0":"post-10737","1":"product","2":"type-product","3":"status-publish","4":"has-post-thumbnail","6":"product_cat-disques-coupe-meulage","7":"product_tag-automotive-fr","8":"product_tag-fournitures-datelier","9":"product_tag-pieces-dautos","10":"has-post-title","11":"has-post-date","12":"has-post-category","13":"has-post-tag","14":"has-post-comment","15":"has-post-author","16":"","17":"fullcover","19":"first","20":"instock","21":"taxable","22":"shipping-taxable","23":"purchasable","24":"product-type-variable"},"jetpack_sharing_enabled":true,"builder_content":"","_links":{"self":[{"href":"https:\/\/fittingsgo.com\/fr\/wp-json\/wp\/v2\/product\/10737","targetHints":{"allow":["GET"]}}],"collection":[{"href":"https:\/\/fittingsgo.com\/fr\/wp-json\/wp\/v2\/product"}],"about":[{"href":"https:\/\/fittingsgo.com\/fr\/wp-json\/wp\/v2\/types\/product"}],"replies":[{"embeddable":true,"href":"https:\/\/fittingsgo.com\/fr\/wp-json\/wp\/v2\/comments?post=10737"}],"wp:featuredmedia":[{"embeddable":true,"href":"https:\/\/fittingsgo.com\/fr\/wp-json\/wp\/v2\/media\/10736"}],"wp:attachment":[{"href":"https:\/\/fittingsgo.com\/fr\/wp-json\/wp\/v2\/media?parent=10737"}],"wp:term":[{"taxonomy":"product_brand","embeddable":true,"href":"https:\/\/fittingsgo.com\/fr\/wp-json\/wp\/v2\/product_brand?post=10737"},{"taxonomy":"product_cat","embeddable":true,"href":"https:\/\/fittingsgo.com\/fr\/wp-json\/wp\/v2\/product_cat?post=10737"},{"taxonomy":"product_tag","embeddable":true,"href":"https:\/\/fittingsgo.com\/fr\/wp-json\/wp\/v2\/product_tag?post=10737"}],"curies":[{"name":"wp","href":"https:\/\/api.w.org\/{rel}","templated":true}]}}