{"id":10675,"date":"2020-01-03T23:16:13","date_gmt":"2020-01-04T04:16:13","guid":{"rendered":"https:\/\/fittingsgo.com\/product\/teinte-de-vitre-24-po-x-12-pi\/"},"modified":"2020-01-03T23:34:49","modified_gmt":"2020-01-04T04:34:49","slug":"teinte-de-vitre-24-po-x-12-pi","status":"publish","type":"product","link":"https:\/\/fittingsgo.com\/fr\/produit\/teinte-de-vitre-24-po-x-12-pi\/","title":{"rendered":"Teinte de vitre 24 po x 12 pi"},"content":{"rendered":"<p>Avant d\u2019appliquer un film pour vitres sur un v\u00e9hicule, v\u00e9rifiez les ordonnances locales.<br \/>\nDARK: 25% \u2013 Pour ce look \u201cFrom the Factory\u201d<br \/>\nDARKER: 20% \u2013 The Original Limo-Tint; Notre teinte la plus populaire<br \/>\nPLUS FONC\u00c9: 5% \u2013 Ultra priv\u00e9; Id\u00e9al pour les v\u00e9hicules d\u2019exposition<br \/>\nT8757, T8750, T8756<\/p>\n<div id=\"themify_builder_content-10675\" data-postid=\"10675\" class=\"themify_builder_content themify_builder_content-10675 themify_builder\">\n    <\/div>\n<!-- \/themify_builder_content -->\n","protected":false},"excerpt":{"rendered":"<p>Grande taille pour les installations de camions!<br \/>\n\u2013 L\u2019adh\u00e9rence \u00e0 base d\u2019eau facilite l\u2019installation.<br \/>\n\u2013 Comprend des instructions d\u2019application dans chaque bo\u00eete.<br \/>\n\u2013 Restez au frais avec confort et style.<br \/>\n\u2013 \u00c9conomies d\u2019\u00e9nergie: les propri\u00e9t\u00e9s isolantes r\u00e9duisent l\u2019utilisation de la climatisation en \u00e9t\u00e9 et les pertes de chaleur en hiver.<br \/>\n\u2013 Tailles disponibles pour s\u2019adapter \u00e0 la plupart des voitures et camions.<br \/>\nFabriqu\u00e9 par Trimbrite<\/p>\n","protected":false},"featured_media":10674,"comment_status":"open","ping_status":"closed","template":"","meta":[],"product_brand":[],"product_cat":[530],"product_tag":[180,189,177],"class_list":{"0":"post-10675","1":"product","2":"type-product","3":"status-publish","4":"has-post-thumbnail","6":"product_cat-teinte-de-vitre","7":"product_tag-automotive-fr","8":"product_tag-fournitures-datelier","9":"product_tag-pieces-dautos","10":"has-post-title","11":"has-post-date","12":"has-post-category","13":"has-post-tag","14":"has-post-comment","15":"has-post-author","16":"","17":"fullcover","19":"first","20":"instock","21":"taxable","22":"shipping-taxable","23":"purchasable","24":"product-type-variable"},"jetpack_sharing_enabled":true,"builder_content":"","_links":{"self":[{"href":"https:\/\/fittingsgo.com\/fr\/wp-json\/wp\/v2\/product\/10675","targetHints":{"allow":["GET"]}}],"collection":[{"href":"https:\/\/fittingsgo.com\/fr\/wp-json\/wp\/v2\/product"}],"about":[{"href":"https:\/\/fittingsgo.com\/fr\/wp-json\/wp\/v2\/types\/product"}],"replies":[{"embeddable":true,"href":"https:\/\/fittingsgo.com\/fr\/wp-json\/wp\/v2\/comments?post=10675"}],"wp:featuredmedia":[{"embeddable":true,"href":"https:\/\/fittingsgo.com\/fr\/wp-json\/wp\/v2\/media\/10674"}],"wp:attachment":[{"href":"https:\/\/fittingsgo.com\/fr\/wp-json\/wp\/v2\/media?parent=10675"}],"wp:term":[{"taxonomy":"product_brand","embeddable":true,"href":"https:\/\/fittingsgo.com\/fr\/wp-json\/wp\/v2\/product_brand?post=10675"},{"taxonomy":"product_cat","embeddable":true,"href":"https:\/\/fittingsgo.com\/fr\/wp-json\/wp\/v2\/product_cat?post=10675"},{"taxonomy":"product_tag","embeddable":true,"href":"https:\/\/fittingsgo.com\/fr\/wp-json\/wp\/v2\/product_tag?post=10675"}],"curies":[{"name":"wp","href":"https:\/\/api.w.org\/{rel}","templated":true}]}}