{"id":10643,"date":"2020-01-03T21:18:38","date_gmt":"2020-01-04T02:18:38","guid":{"rendered":"https:\/\/fittingsgo.com\/product\/teinte-de-vitre-20-po-x-5-pi\/"},"modified":"2020-01-03T21:21:30","modified_gmt":"2020-01-04T02:21:30","slug":"teinte-de-vitre-20-po-x-5-pi","status":"publish","type":"product","link":"https:\/\/fittingsgo.com\/fr\/produit\/teinte-de-vitre-20-po-x-5-pi\/","title":{"rendered":"Teinte de vitre 20 po x 5 pi"},"content":{"rendered":"<p>Avant d&#8217;appliquer un film pour vitres sur un v\u00e9hicule, v\u00e9rifiez les ordonnances locales.<br \/>\nFUM\u00c9E: 35% &#8211; Transmission maximale de la lumi\u00e8re<br \/>\nDARK: 25% &#8211; Pour ce look &#8220;From the Factory&#8221;<br \/>\nDARKER: 20% &#8211; The Original Limo-Tint; Notre teinte la plus populaire<br \/>\nPLUS FONC\u00c9: 5% &#8211; Ultra priv\u00e9; Id\u00e9al pour les v\u00e9hicules d&#8217;exposition<\/p>\n<p>T8554, T8557, T8550, T8556<\/p>\n<div id=\"themify_builder_content-10643\" data-postid=\"10643\" class=\"themify_builder_content themify_builder_content-10643 themify_builder\">\n    <\/div>\n<!-- \/themify_builder_content -->\n","protected":false},"excerpt":{"rendered":"<p>&#8211; L&#8217;adh\u00e9rence \u00e0 base d&#8217;eau facilite l&#8217;installation.<br \/>\n&#8211; Comprend des instructions d&#8217;application dans chaque bo\u00eete.<br \/>\n&#8211; Restez au frais avec confort et style.<br \/>\n&#8211; \u00c9conomies d&#8217;\u00e9nergie: les propri\u00e9t\u00e9s isolantes r\u00e9duisent l&#8217;utilisation de la climatisation en \u00e9t\u00e9 et les pertes de chaleur en hiver.<br \/>\n&#8211; Tailles disponibles pour s&#8217;adapter \u00e0 la plupart des voitures et camions.<br \/>\nFabriqu\u00e9 par Trimbrite<\/p>\n","protected":false},"featured_media":10642,"comment_status":"open","ping_status":"closed","template":"","meta":[],"product_brand":[],"product_cat":[530],"product_tag":[180,189,177],"class_list":{"0":"post-10643","1":"product","2":"type-product","3":"status-publish","4":"has-post-thumbnail","6":"product_cat-teinte-de-vitre","7":"product_tag-automotive-fr","8":"product_tag-fournitures-datelier","9":"product_tag-pieces-dautos","10":"has-post-title","11":"has-post-date","12":"has-post-category","13":"has-post-tag","14":"has-post-comment","15":"has-post-author","16":"","17":"fullcover","19":"first","20":"instock","21":"taxable","22":"shipping-taxable","23":"purchasable","24":"product-type-variable"},"jetpack_sharing_enabled":true,"builder_content":"","_links":{"self":[{"href":"https:\/\/fittingsgo.com\/fr\/wp-json\/wp\/v2\/product\/10643","targetHints":{"allow":["GET"]}}],"collection":[{"href":"https:\/\/fittingsgo.com\/fr\/wp-json\/wp\/v2\/product"}],"about":[{"href":"https:\/\/fittingsgo.com\/fr\/wp-json\/wp\/v2\/types\/product"}],"replies":[{"embeddable":true,"href":"https:\/\/fittingsgo.com\/fr\/wp-json\/wp\/v2\/comments?post=10643"}],"wp:featuredmedia":[{"embeddable":true,"href":"https:\/\/fittingsgo.com\/fr\/wp-json\/wp\/v2\/media\/10642"}],"wp:attachment":[{"href":"https:\/\/fittingsgo.com\/fr\/wp-json\/wp\/v2\/media?parent=10643"}],"wp:term":[{"taxonomy":"product_brand","embeddable":true,"href":"https:\/\/fittingsgo.com\/fr\/wp-json\/wp\/v2\/product_brand?post=10643"},{"taxonomy":"product_cat","embeddable":true,"href":"https:\/\/fittingsgo.com\/fr\/wp-json\/wp\/v2\/product_cat?post=10643"},{"taxonomy":"product_tag","embeddable":true,"href":"https:\/\/fittingsgo.com\/fr\/wp-json\/wp\/v2\/product_tag?post=10643"}],"curies":[{"name":"wp","href":"https:\/\/api.w.org\/{rel}","templated":true}]}}