{"id":10622,"date":"2020-01-02T22:02:49","date_gmt":"2020-01-03T03:02:49","guid":{"rendered":"https:\/\/fittingsgo.com\/product\/antigel-heavy-duty-pour-diesel\/"},"modified":"2020-01-02T22:07:17","modified_gmt":"2020-01-03T03:07:17","slug":"antigel-heavy-duty-pour-diesel","status":"publish","type":"product","link":"https:\/\/fittingsgo.com\/fr\/produit\/antigel-heavy-duty-pour-diesel\/","title":{"rendered":"Antigel \u00abheavy duty\u00bb pour diesel"},"content":{"rendered":"<p>857716<\/p>\n<div id=\"themify_builder_content-10622\" data-postid=\"10622\" class=\"themify_builder_content themify_builder_content-10622 themify_builder\">\n    <\/div>\n<!-- \/themify_builder_content -->\n","protected":false},"excerpt":{"rendered":"<p>La formule \u00e0 dur\u00e9e de vie prolong\u00e9e ZEREX a \u00e9t\u00e9 charg\u00e9e d&#8217;inhibiteurs sp\u00e9ciaux pour prot\u00e9ger les moteurs diesel des piq\u00fbres de rev\u00eatement et des d\u00e9p\u00f4ts de calcaire dans l&#8217;eau dure pour une plus longue dur\u00e9e de vie du moteur.<br \/>\nConforme aux sp\u00e9cifications de longue dur\u00e9e de vie Caterpillar EC-1, Cummins 14603 et DDC.<br \/>\nPr\u00eat pour le diesel.<br \/>\nDilu\u00e9 50\/50<\/p>\n","protected":false},"featured_media":10620,"comment_status":"open","ping_status":"closed","template":"","meta":[],"product_brand":[],"product_cat":[324],"product_tag":[180,189,177],"class_list":{"0":"post-10622","1":"product","2":"type-product","3":"status-publish","4":"has-post-thumbnail","6":"product_cat-antigel","7":"product_tag-automotive-fr","8":"product_tag-fournitures-datelier","9":"product_tag-pieces-dautos","10":"has-post-title","11":"has-post-date","12":"has-post-category","13":"has-post-tag","14":"has-post-comment","15":"has-post-author","16":"","17":"fullcover","19":"first","20":"instock","21":"taxable","22":"shipping-taxable","23":"purchasable","24":"product-type-simple"},"jetpack_sharing_enabled":true,"builder_content":"","_links":{"self":[{"href":"https:\/\/fittingsgo.com\/fr\/wp-json\/wp\/v2\/product\/10622","targetHints":{"allow":["GET"]}}],"collection":[{"href":"https:\/\/fittingsgo.com\/fr\/wp-json\/wp\/v2\/product"}],"about":[{"href":"https:\/\/fittingsgo.com\/fr\/wp-json\/wp\/v2\/types\/product"}],"replies":[{"embeddable":true,"href":"https:\/\/fittingsgo.com\/fr\/wp-json\/wp\/v2\/comments?post=10622"}],"wp:featuredmedia":[{"embeddable":true,"href":"https:\/\/fittingsgo.com\/fr\/wp-json\/wp\/v2\/media\/10620"}],"wp:attachment":[{"href":"https:\/\/fittingsgo.com\/fr\/wp-json\/wp\/v2\/media?parent=10622"}],"wp:term":[{"taxonomy":"product_brand","embeddable":true,"href":"https:\/\/fittingsgo.com\/fr\/wp-json\/wp\/v2\/product_brand?post=10622"},{"taxonomy":"product_cat","embeddable":true,"href":"https:\/\/fittingsgo.com\/fr\/wp-json\/wp\/v2\/product_cat?post=10622"},{"taxonomy":"product_tag","embeddable":true,"href":"https:\/\/fittingsgo.com\/fr\/wp-json\/wp\/v2\/product_tag?post=10622"}],"curies":[{"name":"wp","href":"https:\/\/api.w.org\/{rel}","templated":true}]}}