{"id":10549,"date":"2020-01-02T20:16:12","date_gmt":"2020-01-03T01:16:12","guid":{"rendered":"https:\/\/fittingsgo.com\/product\/cables-de-batterie-4-ga-avec-poteaux-en-haut-noir\/"},"modified":"2023-05-06T10:33:29","modified_gmt":"2023-05-06T15:33:29","slug":"cable-de-batterie-4-ga-avec-poteaux-en-haut-noir","status":"publish","type":"product","link":"https:\/\/fittingsgo.com\/fr\/produit\/cable-de-batterie-4-ga-avec-poteaux-en-haut-noir\/","title":{"rendered":"C\u00e2ble de batterie 4 GA avec poteaux en haut \u2013 Noir"},"content":{"rendered":"<p>6200-0-BP, 6201-0-BP, 6202-0-BP, 6203-0-BP, 6204-0-BP, 6205-0-BP, 6206-0-BP, 6207-0-BP, 6208-0-BP, 6209-0-BP<br \/>\n6210-0-BP, 6272-0-BP, 6278-0-BP<br \/>\n62000BP, 62010BP, 62020BP, 62030BP, 62040BP, 62050BP, 62060BP, 62070BP, 62080BP, 62090BP, 62100BP, 62720BP, 62780BP<\/p>\n<div id=\"themify_builder_content-10549\" data-postid=\"10549\" class=\"themify_builder_content themify_builder_content-10549 themify_builder\">\n    <\/div>\n<!-- \/themify_builder_content -->\n","protected":false},"excerpt":{"rendered":"<p>Fabriqu\u00e9 \u00e0 100% en cuivre avec bornes universelles en plomb antimonial coul\u00e9 par gravit\u00e9. Le noyau en cuivre toronn\u00e9 de pleine \u00e9paisseur est flexible pour une installation facile et permet un courant maximal pour un d\u00e9marrage rapide. Le fil est conforme aux normes SAE.<br \/>\nFabriqu\u00e9 par Pico<\/p>\n","protected":false},"featured_media":10548,"comment_status":"open","ping_status":"closed","template":"","meta":[],"product_brand":[],"product_cat":[261],"product_tag":[180,189,177],"class_list":{"0":"post-10549","1":"product","2":"type-product","3":"status-publish","4":"has-post-thumbnail","6":"product_cat-cables-fr","7":"product_tag-automotive-fr","8":"product_tag-fournitures-datelier","9":"product_tag-pieces-dautos","10":"has-post-title","11":"has-post-date","12":"has-post-category","13":"has-post-tag","14":"has-post-comment","15":"has-post-author","16":"","17":"fullcover","19":"first","20":"instock","21":"taxable","22":"shipping-taxable","23":"purchasable","24":"product-type-variable"},"jetpack_sharing_enabled":true,"builder_content":"","_links":{"self":[{"href":"https:\/\/fittingsgo.com\/fr\/wp-json\/wp\/v2\/product\/10549","targetHints":{"allow":["GET"]}}],"collection":[{"href":"https:\/\/fittingsgo.com\/fr\/wp-json\/wp\/v2\/product"}],"about":[{"href":"https:\/\/fittingsgo.com\/fr\/wp-json\/wp\/v2\/types\/product"}],"replies":[{"embeddable":true,"href":"https:\/\/fittingsgo.com\/fr\/wp-json\/wp\/v2\/comments?post=10549"}],"wp:featuredmedia":[{"embeddable":true,"href":"https:\/\/fittingsgo.com\/fr\/wp-json\/wp\/v2\/media\/10548"}],"wp:attachment":[{"href":"https:\/\/fittingsgo.com\/fr\/wp-json\/wp\/v2\/media?parent=10549"}],"wp:term":[{"taxonomy":"product_brand","embeddable":true,"href":"https:\/\/fittingsgo.com\/fr\/wp-json\/wp\/v2\/product_brand?post=10549"},{"taxonomy":"product_cat","embeddable":true,"href":"https:\/\/fittingsgo.com\/fr\/wp-json\/wp\/v2\/product_cat?post=10549"},{"taxonomy":"product_tag","embeddable":true,"href":"https:\/\/fittingsgo.com\/fr\/wp-json\/wp\/v2\/product_tag?post=10549"}],"curies":[{"name":"wp","href":"https:\/\/api.w.org\/{rel}","templated":true}]}}