{"id":10471,"date":"2020-01-02T12:59:59","date_gmt":"2020-01-02T17:59:59","guid":{"rendered":"https:\/\/fittingsgo.com\/product\/barres-transversales-universelles\/"},"modified":"2020-01-02T13:16:05","modified_gmt":"2020-01-02T18:16:05","slug":"barres-transversales-universelles","status":"publish","type":"product","link":"https:\/\/fittingsgo.com\/fr\/produit\/barres-transversales-universelles\/","title":{"rendered":"Barres transversales universelles"},"content":{"rendered":"<p>862-E, 863-E, 864-E<\/p>\n<div id=\"themify_builder_content-10471\" data-postid=\"10471\" class=\"themify_builder_content themify_builder_content-10471 themify_builder\">\n    <\/div>\n<!-- \/themify_builder_content -->\n","protected":false},"excerpt":{"rendered":"<p>Le polypropyl\u00e8ne renforc\u00e9 de fibre de verre r\u00e9glable et verrouillable est r\u00e9sistant \u00e0 la rouille et \u00e0 la corrosion. Le mat\u00e9riau non conducteur \u00e9limine le maintien comme source de courts m\u00e9trages. Id\u00e9al pour toutes les applications. Voitures, camions, bus, installations marines et r\u00e9cr\u00e9atives.<br \/>\nFabriqu\u00e9 par Pico<\/p>\n","protected":false},"featured_media":10470,"comment_status":"open","ping_status":"closed","template":"","meta":[],"product_brand":[],"product_cat":[527],"product_tag":[180,189,177],"class_list":{"0":"post-10471","1":"product","2":"type-product","3":"status-publish","4":"has-post-thumbnail","6":"product_cat-plateaux-et-barres-pour-maintenir","7":"product_tag-automotive-fr","8":"product_tag-fournitures-datelier","9":"product_tag-pieces-dautos","10":"has-post-title","11":"has-post-date","12":"has-post-category","13":"has-post-tag","14":"has-post-comment","15":"has-post-author","16":"","17":"fullcover","19":"first","20":"instock","21":"taxable","22":"shipping-taxable","23":"purchasable","24":"product-type-variable"},"jetpack_sharing_enabled":true,"builder_content":"","_links":{"self":[{"href":"https:\/\/fittingsgo.com\/fr\/wp-json\/wp\/v2\/product\/10471","targetHints":{"allow":["GET"]}}],"collection":[{"href":"https:\/\/fittingsgo.com\/fr\/wp-json\/wp\/v2\/product"}],"about":[{"href":"https:\/\/fittingsgo.com\/fr\/wp-json\/wp\/v2\/types\/product"}],"replies":[{"embeddable":true,"href":"https:\/\/fittingsgo.com\/fr\/wp-json\/wp\/v2\/comments?post=10471"}],"wp:featuredmedia":[{"embeddable":true,"href":"https:\/\/fittingsgo.com\/fr\/wp-json\/wp\/v2\/media\/10470"}],"wp:attachment":[{"href":"https:\/\/fittingsgo.com\/fr\/wp-json\/wp\/v2\/media?parent=10471"}],"wp:term":[{"taxonomy":"product_brand","embeddable":true,"href":"https:\/\/fittingsgo.com\/fr\/wp-json\/wp\/v2\/product_brand?post=10471"},{"taxonomy":"product_cat","embeddable":true,"href":"https:\/\/fittingsgo.com\/fr\/wp-json\/wp\/v2\/product_cat?post=10471"},{"taxonomy":"product_tag","embeddable":true,"href":"https:\/\/fittingsgo.com\/fr\/wp-json\/wp\/v2\/product_tag?post=10471"}],"curies":[{"name":"wp","href":"https:\/\/api.w.org\/{rel}","templated":true}]}}