{"id":10461,"date":"2020-01-02T12:21:02","date_gmt":"2020-01-02T17:21:02","guid":{"rendered":"https:\/\/fittingsgo.com\/product\/testeur-de-pression-du-systeme-de-refroidissement\/"},"modified":"2020-01-02T12:33:30","modified_gmt":"2020-01-02T17:33:30","slug":"testeur-de-pression-du-systeme-de-refroidissement","status":"publish","type":"product","link":"https:\/\/fittingsgo.com\/fr\/produit\/testeur-de-pression-du-systeme-de-refroidissement\/","title":{"rendered":"Testeur de pression du syst\u00e8me de refroidissement"},"content":{"rendered":"<p>W89733, W89736 (discontinu\u00e9)<\/p>\n<div id=\"themify_builder_content-10461\" data-postid=\"10461\" class=\"themify_builder_content themify_builder_content-10461 themify_builder\">\n    <\/div>\n<!-- \/themify_builder_content -->\n","protected":false},"excerpt":{"rendered":"<p>&#8211; R\u00e9v\u00e8le rapidement les fuites du syst\u00e8me de refroidissement externe.<br \/>\n&#8211; D\u00e9tecte les fuites internes du moteur caus\u00e9es par des joints de culasse souffl\u00e9s et \/ ou des blocs ou des t\u00eates fissur\u00e9s.<br \/>\n&#8211; Comprend une pompe \u00e0 main de haute qualit\u00e9 et 12 adaptateurs pour s&#8217;adapter aux voitures et camions l\u00e9gers nationaux \/ import\u00e9s les plus populaires.<br \/>\nManuel (en anglais seulement): <a href=\"https:\/\/fittingsgo.com\/wp-content\/uploads\/2020\/01\/W89733_Manual.pdf\" target=\"_blank\" rel=\"noopener noreferrer\">W89733_Manual<\/a><br \/>\nFabriqu\u00e9 par Performance Tool<\/p>\n","protected":false},"featured_media":10452,"comment_status":"open","ping_status":"closed","template":"","meta":[],"product_brand":[],"product_cat":[467],"product_tag":[180,189,177],"class_list":{"0":"post-10461","1":"product","2":"type-product","3":"status-publish","4":"has-post-thumbnail","6":"product_cat-outils-pour-antigel","7":"product_tag-automotive-fr","8":"product_tag-fournitures-datelier","9":"product_tag-pieces-dautos","10":"has-post-title","11":"has-post-date","12":"has-post-category","13":"has-post-tag","14":"has-post-comment","15":"has-post-author","16":"","17":"fullcover","19":"first","20":"instock","21":"taxable","22":"shipping-taxable","23":"purchasable","24":"product-type-simple"},"jetpack_sharing_enabled":true,"builder_content":"","_links":{"self":[{"href":"https:\/\/fittingsgo.com\/fr\/wp-json\/wp\/v2\/product\/10461","targetHints":{"allow":["GET"]}}],"collection":[{"href":"https:\/\/fittingsgo.com\/fr\/wp-json\/wp\/v2\/product"}],"about":[{"href":"https:\/\/fittingsgo.com\/fr\/wp-json\/wp\/v2\/types\/product"}],"replies":[{"embeddable":true,"href":"https:\/\/fittingsgo.com\/fr\/wp-json\/wp\/v2\/comments?post=10461"}],"wp:featuredmedia":[{"embeddable":true,"href":"https:\/\/fittingsgo.com\/fr\/wp-json\/wp\/v2\/media\/10452"}],"wp:attachment":[{"href":"https:\/\/fittingsgo.com\/fr\/wp-json\/wp\/v2\/media?parent=10461"}],"wp:term":[{"taxonomy":"product_brand","embeddable":true,"href":"https:\/\/fittingsgo.com\/fr\/wp-json\/wp\/v2\/product_brand?post=10461"},{"taxonomy":"product_cat","embeddable":true,"href":"https:\/\/fittingsgo.com\/fr\/wp-json\/wp\/v2\/product_cat?post=10461"},{"taxonomy":"product_tag","embeddable":true,"href":"https:\/\/fittingsgo.com\/fr\/wp-json\/wp\/v2\/product_tag?post=10461"}],"curies":[{"name":"wp","href":"https:\/\/api.w.org\/{rel}","templated":true}]}}