{"id":10447,"date":"2020-01-02T11:53:08","date_gmt":"2020-01-02T16:53:08","guid":{"rendered":"https:\/\/fittingsgo.com\/product\/outil-devasement-double-flare-en-ligne\/"},"modified":"2020-09-07T11:46:16","modified_gmt":"2020-09-07T16:46:16","slug":"outil-devasement-double-flare-en-ligne","status":"publish","type":"product","link":"https:\/\/fittingsgo.com\/fr\/produit\/outil-devasement-double-flare-en-ligne\/","title":{"rendered":"Outil d&#8217;\u00e9vasement \u00abdouble flare\u00bb en ligne"},"content":{"rendered":"<p>&#8211; Utilisez pour faire des fus\u00e9es \u00e9clairantes simples et doubles<br \/>\n&#8211; Le nouvel outil d&#8217;\u00e9vasement en ligne de Cal-Van Tools permet \u00e0 l&#8217;utilisateur d&#8217;\u00e9vaser des tubes en cuivre ou en acier doux dans des espaces restreints gr\u00e2ce \u00e0 sa conception \u00e0 profil bas. La conception permet \u00e9galement au technicien d&#8217;utiliser un cliquet ou une cl\u00e9. &#8211; Cette nouvelle conception d&#8217;outil d&#8217;\u00e9vasement brevet\u00e9e permet de r\u00e9aliser facilement des torches simples ou doubles parfaites. La double pince et le corps hexagonal emp\u00eachent le tube de glisser, gardent les \u00e9vasements centr\u00e9s et facilitent le torchage. Outils d&#8217;\u00e9vasement de type sup\u00e9rieur \u00e0 barre.<br \/>\n&#8211; La conception \u00e0 profil bas permet une utilisation sur ou hors du v\u00e9hicule<br \/>\n&#8211; Con\u00e7u pour \u00eatre utilis\u00e9 avec un cliquet pour faciliter les fus\u00e9es \u00e9clairantes<br \/>\n&#8211; La conception en ligne cr\u00e9e une fus\u00e9e plus pr\u00e9cise<br \/>\n&#8211; La conception \u00e0 double serrage et \u00e0 vis hexagonale maintient le tube bien verrouill\u00e9 en position<br \/>\n&#8211; Pour une utilisation sur des tubes en acier \u00e0 paroi mince et en cuivre<br \/>\n161<\/p>\n<div id=\"themify_builder_content-10447\" data-postid=\"10447\" class=\"themify_builder_content themify_builder_content-10447 themify_builder\">\n    <\/div>\n<!-- \/themify_builder_content -->\n","protected":false},"excerpt":{"rendered":"<p>Faites des \u00abdouble flare\u00bb parfaites \u00e0 chaque fois!<br \/>\nUtilis\u00e9 pour les espaces restreints.<br \/>\nFabriqu\u00e9 par Cal-Van Tools<\/p>\n","protected":false},"featured_media":10442,"comment_status":"closed","ping_status":"closed","template":"","meta":[],"product_brand":[],"product_cat":[212],"product_tag":[180,189,196,177,179],"class_list":{"0":"post-10447","1":"product","2":"type-product","3":"status-publish","4":"has-post-thumbnail","6":"product_cat-outils-de-tuyauterie-et-evasement","7":"product_tag-automotive-fr","8":"product_tag-fournitures-datelier","9":"product_tag-pieces-a-freins","10":"product_tag-pieces-dautos","11":"product_tag-tuyau","12":"has-post-title","13":"has-post-date","14":"has-post-category","15":"has-post-tag","16":"has-post-comment","17":"has-post-author","18":"","19":"fullcover","21":"first","22":"instock","23":"taxable","24":"shipping-taxable","25":"purchasable","26":"product-type-simple"},"jetpack_sharing_enabled":true,"builder_content":"","_links":{"self":[{"href":"https:\/\/fittingsgo.com\/fr\/wp-json\/wp\/v2\/product\/10447","targetHints":{"allow":["GET"]}}],"collection":[{"href":"https:\/\/fittingsgo.com\/fr\/wp-json\/wp\/v2\/product"}],"about":[{"href":"https:\/\/fittingsgo.com\/fr\/wp-json\/wp\/v2\/types\/product"}],"replies":[{"embeddable":true,"href":"https:\/\/fittingsgo.com\/fr\/wp-json\/wp\/v2\/comments?post=10447"}],"wp:featuredmedia":[{"embeddable":true,"href":"https:\/\/fittingsgo.com\/fr\/wp-json\/wp\/v2\/media\/10442"}],"wp:attachment":[{"href":"https:\/\/fittingsgo.com\/fr\/wp-json\/wp\/v2\/media?parent=10447"}],"wp:term":[{"taxonomy":"product_brand","embeddable":true,"href":"https:\/\/fittingsgo.com\/fr\/wp-json\/wp\/v2\/product_brand?post=10447"},{"taxonomy":"product_cat","embeddable":true,"href":"https:\/\/fittingsgo.com\/fr\/wp-json\/wp\/v2\/product_cat?post=10447"},{"taxonomy":"product_tag","embeddable":true,"href":"https:\/\/fittingsgo.com\/fr\/wp-json\/wp\/v2\/product_tag?post=10447"}],"curies":[{"name":"wp","href":"https:\/\/api.w.org\/{rel}","templated":true}]}}