{"id":10434,"date":"2019-12-31T23:20:29","date_gmt":"2020-01-01T04:20:29","guid":{"rendered":"https:\/\/fittingsgo.com\/product\/pompe-a-essence-electrique-universelle-en-ligne-par-delphi\/"},"modified":"2020-04-30T23:17:28","modified_gmt":"2020-05-01T04:17:28","slug":"pompe-a-essence-electrique-universelle-en-ligne-par-delphi-a-essence","status":"publish","type":"product","link":"https:\/\/fittingsgo.com\/fr\/produit\/pompe-a-essence-electrique-universelle-en-ligne-par-delphi-a-essence\/","title":{"rendered":"Pompe \u00e0 essence \u00e9lectrique universelle en ligne par Delphi \u00e0 ESSENCE"},"content":{"rendered":"<p>FD0037<\/p>\n<div id=\"themify_builder_content-10434\" data-postid=\"10434\" class=\"themify_builder_content themify_builder_content-10434 themify_builder\">\n    <\/div>\n<!-- \/themify_builder_content -->\n","protected":false},"excerpt":{"rendered":"<p>Pression du syst\u00e8me: 4 psi<br \/>\nD\u00e9bit moyen: 27 GPH<br \/>\nTaille du filetage du raccord d&#8217;entr\u00e9e: 1\/4 po &#8211; 18 NPT<br \/>\nTaille du filetage du raccord de sortie: 1\/4 po &#8211; 18 NPT<br \/>\nFabriqu\u00e9 par Delphi<\/p>\n","protected":false},"featured_media":10429,"comment_status":"open","ping_status":"closed","template":"","meta":[],"product_brand":[],"product_cat":[516],"product_tag":[180,189,177],"class_list":{"0":"post-10434","1":"product","2":"type-product","3":"status-publish","4":"has-post-thumbnail","6":"product_cat-pompes-a-gaz","7":"product_tag-automotive-fr","8":"product_tag-fournitures-datelier","9":"product_tag-pieces-dautos","10":"has-post-title","11":"has-post-date","12":"has-post-category","13":"has-post-tag","14":"has-post-comment","15":"has-post-author","16":"","17":"fullcover","19":"first","20":"instock","21":"taxable","22":"shipping-taxable","23":"purchasable","24":"product-type-simple"},"jetpack_sharing_enabled":true,"builder_content":"","_links":{"self":[{"href":"https:\/\/fittingsgo.com\/fr\/wp-json\/wp\/v2\/product\/10434","targetHints":{"allow":["GET"]}}],"collection":[{"href":"https:\/\/fittingsgo.com\/fr\/wp-json\/wp\/v2\/product"}],"about":[{"href":"https:\/\/fittingsgo.com\/fr\/wp-json\/wp\/v2\/types\/product"}],"replies":[{"embeddable":true,"href":"https:\/\/fittingsgo.com\/fr\/wp-json\/wp\/v2\/comments?post=10434"}],"wp:featuredmedia":[{"embeddable":true,"href":"https:\/\/fittingsgo.com\/fr\/wp-json\/wp\/v2\/media\/10429"}],"wp:attachment":[{"href":"https:\/\/fittingsgo.com\/fr\/wp-json\/wp\/v2\/media?parent=10434"}],"wp:term":[{"taxonomy":"product_brand","embeddable":true,"href":"https:\/\/fittingsgo.com\/fr\/wp-json\/wp\/v2\/product_brand?post=10434"},{"taxonomy":"product_cat","embeddable":true,"href":"https:\/\/fittingsgo.com\/fr\/wp-json\/wp\/v2\/product_cat?post=10434"},{"taxonomy":"product_tag","embeddable":true,"href":"https:\/\/fittingsgo.com\/fr\/wp-json\/wp\/v2\/product_tag?post=10434"}],"curies":[{"name":"wp","href":"https:\/\/api.w.org\/{rel}","templated":true}]}}