{"id":10410,"date":"2019-12-31T21:21:43","date_gmt":"2020-01-01T02:21:43","guid":{"rendered":"https:\/\/fittingsgo.com\/product\/liqui-moly-0w20-land-rover-jaguar-fr\/"},"modified":"2020-01-04T23:31:21","modified_gmt":"2020-01-05T04:31:21","slug":"liqui-moly-0w20-land-rover-jaguar-fr","status":"publish","type":"product","link":"https:\/\/fittingsgo.com\/fr\/produit\/liqui-moly-0w20-land-rover-jaguar-fr\/","title":{"rendered":"Liqui Moly 0W20 Land Rover Jaguar"},"content":{"rendered":"<p>LM20408, LM20410, 21117, 21118<\/p>\n<div id=\"themify_builder_content-10410\" data-postid=\"10410\" class=\"themify_builder_content themify_builder_content-10410 themify_builder\">\n    <\/div>\n<!-- \/themify_builder_content -->\n","protected":false},"excerpt":{"rendered":"<p>Special Tec LR 0W-20<br \/>\nHuile moteur moderne \u00e0 faible friction de classe premium, sp\u00e9cialement d\u00e9velopp\u00e9e pour une utilisation allyear dans les unit\u00e9s de Jaguar et Land Rover. La combinaison d&#8217;huiles de base non conventionnelles (bas\u00e9es sur la technologie de synth\u00e8se) et d&#8217;additifs de pointe garantit une huile moteur qui offre une excellente protection contre l&#8217;usure, r\u00e9duit la consommation d&#8217;huile et de carburant, maintient le moteur propre et assure sa lubrification rapide.<br \/>\nACEA A1, ACEA B1, Jaguar \/ Land Rover STJLR.51.5122<br \/>\nENTI\u00c8REMENT SYNTH\u00c9TIQUE<br \/>\nFabriqu\u00e9 en Allemagne<\/p>\n","protected":false},"featured_media":10409,"comment_status":"open","ping_status":"closed","template":"","meta":[],"product_brand":[],"product_cat":[320],"product_tag":[180,189,177],"class_list":{"0":"post-10410","1":"product","2":"type-product","3":"status-publish","4":"has-post-thumbnail","6":"product_cat-huile-de-moteur","7":"product_tag-automotive-fr","8":"product_tag-fournitures-datelier","9":"product_tag-pieces-dautos","10":"has-post-title","11":"has-post-date","12":"has-post-category","13":"has-post-tag","14":"has-post-comment","15":"has-post-author","16":"","17":"fullcover","19":"first","20":"instock","21":"taxable","22":"shipping-taxable","23":"product-type-variable"},"jetpack_sharing_enabled":true,"builder_content":"","_links":{"self":[{"href":"https:\/\/fittingsgo.com\/fr\/wp-json\/wp\/v2\/product\/10410","targetHints":{"allow":["GET"]}}],"collection":[{"href":"https:\/\/fittingsgo.com\/fr\/wp-json\/wp\/v2\/product"}],"about":[{"href":"https:\/\/fittingsgo.com\/fr\/wp-json\/wp\/v2\/types\/product"}],"replies":[{"embeddable":true,"href":"https:\/\/fittingsgo.com\/fr\/wp-json\/wp\/v2\/comments?post=10410"}],"wp:featuredmedia":[{"embeddable":true,"href":"https:\/\/fittingsgo.com\/fr\/wp-json\/wp\/v2\/media\/10409"}],"wp:attachment":[{"href":"https:\/\/fittingsgo.com\/fr\/wp-json\/wp\/v2\/media?parent=10410"}],"wp:term":[{"taxonomy":"product_brand","embeddable":true,"href":"https:\/\/fittingsgo.com\/fr\/wp-json\/wp\/v2\/product_brand?post=10410"},{"taxonomy":"product_cat","embeddable":true,"href":"https:\/\/fittingsgo.com\/fr\/wp-json\/wp\/v2\/product_cat?post=10410"},{"taxonomy":"product_tag","embeddable":true,"href":"https:\/\/fittingsgo.com\/fr\/wp-json\/wp\/v2\/product_tag?post=10410"}],"curies":[{"name":"wp","href":"https:\/\/api.w.org\/{rel}","templated":true}]}}