{"id":10363,"date":"2019-12-31T19:29:32","date_gmt":"2020-01-01T00:29:32","guid":{"rendered":"https:\/\/fittingsgo.com\/product\/aquapel-fr\/"},"modified":"2019-12-31T19:32:13","modified_gmt":"2020-01-01T00:32:13","slug":"aquapel-fr","status":"publish","type":"product","link":"https:\/\/fittingsgo.com\/fr\/produit\/aquapel-fr\/","title":{"rendered":"Aquapel"},"content":{"rendered":"<p>Le traitement du verre Aquapel est votre chance de changer la fa\u00e7on dont les conducteurs voient la route sous la pluie. Il peut \u00e9galement \u00eatre utilis\u00e9 sur n&#8217;importe quelle fen\u00eatre n\u00e9cessitant une vision plus claire. Aquapel combattra \u00e9galement les \u00e9l\u00e9ments pour l&#8217;automobile, la marine et la maison.<\/p>\n<p>D\u00e9velopp\u00e9 et brevet\u00e9 pour la premi\u00e8re fois par PPG Industries, leader de la technologie du verre, et maintenant propri\u00e9t\u00e9 de Pittsburgh Glass Works, Aquapel Glass Treatment repr\u00e9sente un produit qui promeut la s\u00e9curit\u00e9 automobile.<\/p>\n<p>Con\u00e7u pour une application professionnelle sur les pare-brise, les vitres lat\u00e9rales, les vitres arri\u00e8re, les portes de douche en verre ou toute autre surface vitr\u00e9e, Aquapel est un traitement de verre longue dur\u00e9e qui:<\/p>\n<p>&#8211; Repousse la pluie pour une vision remarquablement am\u00e9lior\u00e9e<br \/>\n&#8211; Facilite le nettoyage de la glace, de la neige et m\u00eame de la salet\u00e9<br \/>\n&#8211; R\u00e9duit l&#8217;\u00e9blouissement sous la pluie, surtout la nuit<br \/>\n&#8211; Aide \u00e0 r\u00e9duire les marques d&#8217;eau et maintient l&#8217;eau sal\u00e9e<br \/>\n&#8211; Conduisez plus prudemment<\/p>\n<p>Bien s\u00fbr, la meilleure fa\u00e7on de voir comment fonctionne le traitement du verre Aquapel est de l&#8217;appliquer sur votre pare-brise. Demandez Aquapel partout o\u00f9 votre v\u00e9hicule est entretenu par des professionnels.<\/p>\n<p>Chaque fois qu&#8217;il est temps de renouveler votre traitement de verre Aquapel longue dur\u00e9e, ses performances peuvent \u00eatre restaur\u00e9es en quelques minutes. Une fois que vous aurez conduit avec Aquapel, vous ne voudrez plus conduire sans.<\/p>\n<p>Voir clairement. Conduisez en toute s\u00e9curit\u00e9 &#8230; aujourd&#8217;hui et tous les jours avec Aquapel. Lorsque votre s\u00e9curit\u00e9 est en jeu, VOIR CLAIREMENT ET CONDUIRE PLUS S\u00c9CURITAIRE.<br \/>\nAQ1<\/p>\n<div id=\"themify_builder_content-10363\" data-postid=\"10363\" class=\"themify_builder_content themify_builder_content-10363 themify_builder\">\n    <\/div>\n<!-- \/themify_builder_content -->\n","protected":false},"excerpt":{"rendered":"<p>Repousse la pluie pour une vision remarquablement am\u00e9lior\u00e9e.<br \/>\nVendu s\u00e9par\u00e9ment.<br \/>\nFabriqu\u00e9 par PPG<\/p>\n","protected":false},"featured_media":10362,"comment_status":"open","ping_status":"closed","template":"","meta":[],"product_brand":[],"product_cat":[343],"product_tag":[180,177],"class_list":{"0":"post-10363","1":"product","2":"type-product","3":"status-publish","4":"has-post-thumbnail","6":"product_cat-pieces-de-lave-glace","7":"product_tag-automotive-fr","8":"product_tag-pieces-dautos","9":"has-post-title","10":"has-post-date","11":"has-post-category","12":"has-post-tag","13":"has-post-comment","14":"has-post-author","15":"","16":"fullcover","18":"first","19":"outofstock","20":"taxable","21":"shipping-taxable","22":"purchasable","23":"product-type-simple"},"jetpack_sharing_enabled":true,"builder_content":"","_links":{"self":[{"href":"https:\/\/fittingsgo.com\/fr\/wp-json\/wp\/v2\/product\/10363","targetHints":{"allow":["GET"]}}],"collection":[{"href":"https:\/\/fittingsgo.com\/fr\/wp-json\/wp\/v2\/product"}],"about":[{"href":"https:\/\/fittingsgo.com\/fr\/wp-json\/wp\/v2\/types\/product"}],"replies":[{"embeddable":true,"href":"https:\/\/fittingsgo.com\/fr\/wp-json\/wp\/v2\/comments?post=10363"}],"wp:featuredmedia":[{"embeddable":true,"href":"https:\/\/fittingsgo.com\/fr\/wp-json\/wp\/v2\/media\/10362"}],"wp:attachment":[{"href":"https:\/\/fittingsgo.com\/fr\/wp-json\/wp\/v2\/media?parent=10363"}],"wp:term":[{"taxonomy":"product_brand","embeddable":true,"href":"https:\/\/fittingsgo.com\/fr\/wp-json\/wp\/v2\/product_brand?post=10363"},{"taxonomy":"product_cat","embeddable":true,"href":"https:\/\/fittingsgo.com\/fr\/wp-json\/wp\/v2\/product_cat?post=10363"},{"taxonomy":"product_tag","embeddable":true,"href":"https:\/\/fittingsgo.com\/fr\/wp-json\/wp\/v2\/product_tag?post=10363"}],"curies":[{"name":"wp","href":"https:\/\/api.w.org\/{rel}","templated":true}]}}