{"id":10359,"date":"2019-12-30T23:42:44","date_gmt":"2019-12-31T04:42:44","guid":{"rendered":"https:\/\/fittingsgo.com\/product\/lavage-et-cire-sans-eau-ultime-de-meguiars\/"},"modified":"2019-12-30T23:44:38","modified_gmt":"2019-12-31T04:44:38","slug":"lavage-et-cire-sans-eau-ultime-de-meguiars","status":"publish","type":"product","link":"https:\/\/fittingsgo.com\/fr\/produit\/lavage-et-cire-sans-eau-ultime-de-meguiars\/","title":{"rendered":"Lavage et cire sans eau ultime de Meguiar&#8217;s"},"content":{"rendered":"<p>&#8211; La chimie avanc\u00e9e contient une formule sans taches d&#8217;eau avec un pouvoir lubrifiant \u00e9lev\u00e9 qui, lorsqu&#8217;elle est utilis\u00e9e comme indiqu\u00e9, prot\u00e8ge la surface contre le tourbillonnement et les rayures tout en nettoyant en douceur<br \/>\n&#8211; La chimie avanc\u00e9e des polym\u00e8res laisse une barri\u00e8re de cire synth\u00e9tique brillante qui dure des semaines<br \/>\n&#8211; S\u00fbr et efficace sur toutes les peintures brillantes et les finitions transparentes, ainsi que sur le verre, le chrome, les m\u00e9taux polis et les garnitures en plastique.<br \/>\n&#8211; Id\u00e9al pour ceux qui n&#8217;ont pas acc\u00e8s \u00e0 un tuyau, vivent dans une ville ou un appartement, ou sont soumis \u00e0 des restrictions d&#8217;eau dans leur r\u00e9gion<br \/>\n&#8211; La formule anti-rayures * lave et cire en toute s\u00e9curit\u00e9 3-4 voitures sans eau en quelques minutes (* lorsqu&#8217;elle est utilis\u00e9e conform\u00e9ment aux instructions).<br \/>\nW3626<\/p>\n<div id=\"themify_builder_content-10359\" data-postid=\"10359\" class=\"themify_builder_content themify_builder_content-10359 themify_builder\">\n    <\/div>\n<!-- \/themify_builder_content -->\n","protected":false},"excerpt":{"rendered":"<p>Sans formule anti-rayures, lave facilement et en douceur et ajoute une protection \u00e0 la cire en une seule \u00e9tape facile. Peut \u00eatre utilis\u00e9 presque partout! Aucun tuyau, seau ou rin\u00e7age requis.<br \/>\nFabriqu\u00e9 par Meguiar&#8217;s.<\/p>\n","protected":false},"featured_media":10358,"comment_status":"open","ping_status":"closed","template":"","meta":[],"product_brand":[],"product_cat":[483],"product_tag":[180,189,177],"class_list":{"0":"post-10359","1":"product","2":"type-product","3":"status-publish","4":"has-post-thumbnail","6":"product_cat-cires","7":"product_tag-automotive-fr","8":"product_tag-fournitures-datelier","9":"product_tag-pieces-dautos","10":"has-post-title","11":"has-post-date","12":"has-post-category","13":"has-post-tag","14":"has-post-comment","15":"has-post-author","16":"","17":"fullcover","19":"first","20":"instock","21":"taxable","22":"shipping-taxable","23":"purchasable","24":"product-type-simple"},"jetpack_sharing_enabled":true,"builder_content":"","_links":{"self":[{"href":"https:\/\/fittingsgo.com\/fr\/wp-json\/wp\/v2\/product\/10359","targetHints":{"allow":["GET"]}}],"collection":[{"href":"https:\/\/fittingsgo.com\/fr\/wp-json\/wp\/v2\/product"}],"about":[{"href":"https:\/\/fittingsgo.com\/fr\/wp-json\/wp\/v2\/types\/product"}],"replies":[{"embeddable":true,"href":"https:\/\/fittingsgo.com\/fr\/wp-json\/wp\/v2\/comments?post=10359"}],"wp:featuredmedia":[{"embeddable":true,"href":"https:\/\/fittingsgo.com\/fr\/wp-json\/wp\/v2\/media\/10358"}],"wp:attachment":[{"href":"https:\/\/fittingsgo.com\/fr\/wp-json\/wp\/v2\/media?parent=10359"}],"wp:term":[{"taxonomy":"product_brand","embeddable":true,"href":"https:\/\/fittingsgo.com\/fr\/wp-json\/wp\/v2\/product_brand?post=10359"},{"taxonomy":"product_cat","embeddable":true,"href":"https:\/\/fittingsgo.com\/fr\/wp-json\/wp\/v2\/product_cat?post=10359"},{"taxonomy":"product_tag","embeddable":true,"href":"https:\/\/fittingsgo.com\/fr\/wp-json\/wp\/v2\/product_tag?post=10359"}],"curies":[{"name":"wp","href":"https:\/\/api.w.org\/{rel}","templated":true}]}}