{"id":10344,"date":"2019-12-30T23:14:44","date_gmt":"2019-12-31T04:14:44","guid":{"rendered":"https:\/\/fittingsgo.com\/product\/douille-pour-ecrou-de-roue-style-fleur-mercedes\/"},"modified":"2020-09-07T11:26:26","modified_gmt":"2020-09-07T16:26:26","slug":"douille-pour-ecrou-de-roue-style-fleur-mercedes","status":"publish","type":"product","link":"https:\/\/fittingsgo.com\/fr\/produit\/douille-pour-ecrou-de-roue-style-fleur-mercedes\/","title":{"rendered":"Douille pour \u00e9crou de roue style fleur Mercedes"},"content":{"rendered":"<p>W32927, 2714<\/p>\n<div id=\"themify_builder_content-10344\" data-postid=\"10344\" class=\"themify_builder_content themify_builder_content-10344 themify_builder\">\n    <\/div>\n<!-- \/themify_builder_content -->\n","protected":false},"excerpt":{"rendered":"<p>1\/2 PO. DR. 17MM MERCEDES LUG NUT<br \/>\n&#8211; Douille non marquante pour un retrait s\u00fbr et efficace des boulons \u00e0 ergot convexe de type Mercedes de 17 mm.<br \/>\n&#8211; Aide \u00e0 pr\u00e9venir les dommages aux \u00e9crous de roue de type t\u00eate de fleur.<br \/>\n&#8211; Des manchons de protection et des inserts en plastique emp\u00eachent les rayures des roues et des \u00e9crous de roue.<br \/>\n&#8211; La conception creuse permet de retirer des boulons plus longs.<br \/>\nFabriqu\u00e9 par Performance Tool<\/p>\n","protected":false},"featured_media":10341,"comment_status":"closed","ping_status":"closed","template":"","meta":[],"product_brand":[],"product_cat":[218],"product_tag":[180,189,177],"class_list":{"0":"post-10344","1":"product","2":"type-product","3":"status-publish","4":"has-post-thumbnail","6":"product_cat-outils-de-pneus-et-roues","7":"product_tag-automotive-fr","8":"product_tag-fournitures-datelier","9":"product_tag-pieces-dautos","10":"has-post-title","11":"has-post-date","12":"has-post-category","13":"has-post-tag","14":"has-post-comment","15":"has-post-author","16":"","17":"fullcover","19":"first","20":"instock","21":"taxable","22":"shipping-taxable","23":"purchasable","24":"product-type-simple"},"jetpack_sharing_enabled":true,"builder_content":"","_links":{"self":[{"href":"https:\/\/fittingsgo.com\/fr\/wp-json\/wp\/v2\/product\/10344","targetHints":{"allow":["GET"]}}],"collection":[{"href":"https:\/\/fittingsgo.com\/fr\/wp-json\/wp\/v2\/product"}],"about":[{"href":"https:\/\/fittingsgo.com\/fr\/wp-json\/wp\/v2\/types\/product"}],"replies":[{"embeddable":true,"href":"https:\/\/fittingsgo.com\/fr\/wp-json\/wp\/v2\/comments?post=10344"}],"wp:featuredmedia":[{"embeddable":true,"href":"https:\/\/fittingsgo.com\/fr\/wp-json\/wp\/v2\/media\/10341"}],"wp:attachment":[{"href":"https:\/\/fittingsgo.com\/fr\/wp-json\/wp\/v2\/media?parent=10344"}],"wp:term":[{"taxonomy":"product_brand","embeddable":true,"href":"https:\/\/fittingsgo.com\/fr\/wp-json\/wp\/v2\/product_brand?post=10344"},{"taxonomy":"product_cat","embeddable":true,"href":"https:\/\/fittingsgo.com\/fr\/wp-json\/wp\/v2\/product_cat?post=10344"},{"taxonomy":"product_tag","embeddable":true,"href":"https:\/\/fittingsgo.com\/fr\/wp-json\/wp\/v2\/product_tag?post=10344"}],"curies":[{"name":"wp","href":"https:\/\/api.w.org\/{rel}","templated":true}]}}