{"id":10328,"date":"2019-12-30T22:52:56","date_gmt":"2019-12-31T03:52:56","guid":{"rendered":"https:\/\/fittingsgo.com\/product\/outil-de-deconnexion-rapide-5-8-po-et-3-4-po\/"},"modified":"2019-12-30T22:55:14","modified_gmt":"2019-12-31T03:55:14","slug":"outil-de-deconnexion-rapide-5-8-po-et-3-4-po","status":"publish","type":"product","link":"https:\/\/fittingsgo.com\/fr\/produit\/outil-de-deconnexion-rapide-5-8-po-et-3-4-po\/","title":{"rendered":"Outil de d\u00e9connexion rapide 5\/8 po et 3\/4 po"},"content":{"rendered":"<p>W83113<\/p>\n<div id=\"themify_builder_content-10328\" data-postid=\"10328\" class=\"themify_builder_content themify_builder_content-10328 themify_builder\">\n    <\/div>\n<!-- \/themify_builder_content -->\n","protected":false},"excerpt":{"rendered":"<p>Canalisations de carburant et de climatisation.<br \/>\nS\u00e9pare facilement le raccord d&#8217;accouplement \u00e0 ressort sur les conduites de carburant et les syst\u00e8mes de climatisation.<br \/>\nFabriqu\u00e9 par Performance Tool<\/p>\n","protected":false},"featured_media":10325,"comment_status":"closed","ping_status":"closed","template":"","meta":[],"product_brand":[],"product_cat":[212],"product_tag":[180,337,189,177],"class_list":{"0":"post-10328","1":"product","2":"type-product","3":"status-publish","4":"has-post-thumbnail","6":"product_cat-outils-de-tuyauterie-et-evasement","7":"product_tag-automotive-fr","8":"product_tag-fitting-fr","9":"product_tag-fournitures-datelier","10":"product_tag-pieces-dautos","11":"has-post-title","12":"has-post-date","13":"has-post-category","14":"has-post-tag","15":"has-post-comment","16":"has-post-author","17":"","18":"fullcover","20":"first","21":"instock","22":"taxable","23":"shipping-taxable","24":"purchasable","25":"product-type-simple"},"jetpack_sharing_enabled":true,"builder_content":"","_links":{"self":[{"href":"https:\/\/fittingsgo.com\/fr\/wp-json\/wp\/v2\/product\/10328","targetHints":{"allow":["GET"]}}],"collection":[{"href":"https:\/\/fittingsgo.com\/fr\/wp-json\/wp\/v2\/product"}],"about":[{"href":"https:\/\/fittingsgo.com\/fr\/wp-json\/wp\/v2\/types\/product"}],"replies":[{"embeddable":true,"href":"https:\/\/fittingsgo.com\/fr\/wp-json\/wp\/v2\/comments?post=10328"}],"wp:featuredmedia":[{"embeddable":true,"href":"https:\/\/fittingsgo.com\/fr\/wp-json\/wp\/v2\/media\/10325"}],"wp:attachment":[{"href":"https:\/\/fittingsgo.com\/fr\/wp-json\/wp\/v2\/media?parent=10328"}],"wp:term":[{"taxonomy":"product_brand","embeddable":true,"href":"https:\/\/fittingsgo.com\/fr\/wp-json\/wp\/v2\/product_brand?post=10328"},{"taxonomy":"product_cat","embeddable":true,"href":"https:\/\/fittingsgo.com\/fr\/wp-json\/wp\/v2\/product_cat?post=10328"},{"taxonomy":"product_tag","embeddable":true,"href":"https:\/\/fittingsgo.com\/fr\/wp-json\/wp\/v2\/product_tag?post=10328"}],"curies":[{"name":"wp","href":"https:\/\/api.w.org\/{rel}","templated":true}]}}