{"id":10191,"date":"2019-12-28T00:39:26","date_gmt":"2019-12-28T05:39:26","guid":{"rendered":"https:\/\/fittingsgo.com\/product\/reducteur-composant-a-composant\/"},"modified":"2019-12-30T23:03:41","modified_gmt":"2019-12-31T04:03:41","slug":"reducteur-composant-a-composant","status":"publish","type":"product","link":"https:\/\/fittingsgo.com\/fr\/produit\/reducteur-composant-a-composant\/","title":{"rendered":"R\u00e9ducteur composant \u00e0 composant"},"content":{"rendered":"<p>41908, 41937, 41700, 41917, 41918, 41890, 41891, 41845, 41844, 41515<br \/>\nBesoin d\u2019aide? Voici une le\u00e7on rapide sur le dimensionnement de la tuyauterie d\u2019\u00e9chappement d\u2019automobile:<br \/>\n\u2013 Les composants tels que les silencieux, les convertisseurs catalytiques et les r\u00e9sonateurs sont g\u00e9n\u00e9ralement mesur\u00e9s en tailles I.D.<br \/>\n\u2013 Les tuyaux tels que les tuyaux d\u2019extension et les queux sont mesur\u00e9s en tailles O.D.<br \/>\nBien que les deux types de pi\u00e8ces poss\u00e8dent le m\u00eame diam\u00e8tre annonc\u00e9, les tuyaux sont destin\u00e9s \u00e0 glisser dans les composants.<\/p>\n<div id=\"themify_builder_content-10191\" data-postid=\"10191\" class=\"themify_builder_content themify_builder_content-10191 themify_builder\">\n    <\/div>\n<!-- \/themify_builder_content -->\n","protected":false},"excerpt":{"rendered":"<p>R\u00e9duit tuyaux I.D. et\/ou tubes de diff\u00e9rentes tailles.<br \/>\nFabriqu\u00e9 par Walker<\/p>\n","protected":false},"featured_media":10190,"comment_status":"open","ping_status":"closed","template":"","meta":[],"product_brand":[],"product_cat":[178],"product_tag":[180,177,179],"class_list":{"0":"post-10191","1":"product","2":"type-product","3":"status-publish","4":"has-post-thumbnail","6":"product_cat-echappement","7":"product_tag-automotive-fr","8":"product_tag-pieces-dautos","9":"product_tag-tuyau","10":"has-post-title","11":"has-post-date","12":"has-post-category","13":"has-post-tag","14":"has-post-comment","15":"has-post-author","16":"","17":"fullcover","19":"first","20":"instock","21":"taxable","22":"shipping-taxable","23":"purchasable","24":"product-type-variable"},"jetpack_sharing_enabled":true,"builder_content":"","_links":{"self":[{"href":"https:\/\/fittingsgo.com\/fr\/wp-json\/wp\/v2\/product\/10191","targetHints":{"allow":["GET"]}}],"collection":[{"href":"https:\/\/fittingsgo.com\/fr\/wp-json\/wp\/v2\/product"}],"about":[{"href":"https:\/\/fittingsgo.com\/fr\/wp-json\/wp\/v2\/types\/product"}],"replies":[{"embeddable":true,"href":"https:\/\/fittingsgo.com\/fr\/wp-json\/wp\/v2\/comments?post=10191"}],"wp:featuredmedia":[{"embeddable":true,"href":"https:\/\/fittingsgo.com\/fr\/wp-json\/wp\/v2\/media\/10190"}],"wp:attachment":[{"href":"https:\/\/fittingsgo.com\/fr\/wp-json\/wp\/v2\/media?parent=10191"}],"wp:term":[{"taxonomy":"product_brand","embeddable":true,"href":"https:\/\/fittingsgo.com\/fr\/wp-json\/wp\/v2\/product_brand?post=10191"},{"taxonomy":"product_cat","embeddable":true,"href":"https:\/\/fittingsgo.com\/fr\/wp-json\/wp\/v2\/product_cat?post=10191"},{"taxonomy":"product_tag","embeddable":true,"href":"https:\/\/fittingsgo.com\/fr\/wp-json\/wp\/v2\/product_tag?post=10191"}],"curies":[{"name":"wp","href":"https:\/\/api.w.org\/{rel}","templated":true}]}}