{"id":10106,"date":"2019-12-22T21:56:16","date_gmt":"2019-12-23T02:56:16","guid":{"rendered":"https:\/\/fittingsgo.com\/product\/reducteur-grand-tuyau-a-petit-composant\/"},"modified":"2024-04-02T13:21:20","modified_gmt":"2024-04-02T18:21:20","slug":"reducteur-grand-tuyau-a-petit-composant","status":"publish","type":"product","link":"https:\/\/fittingsgo.com\/fr\/produit\/reducteur-grand-tuyau-a-petit-composant\/","title":{"rendered":"R\u00e9ducteur grand tuyau \u00e0 petit composant"},"content":{"rendered":"<p>41855, 41923, 41928, 41930, 41932, 41939, 41942, 41949, 41888, 41955, 41854, 41959, 51065, 41962, 41999, 41974, 41982, 41563, 41984, 41909, 41997<\/p>\n<p>Besoin d\u2019aide? Voici une le\u00e7on rapide sur le dimensionnement de la tuyauterie d\u2019\u00e9chappement d\u2019automobile.<br \/>\n\u2013 Les composants tels que les silencieux, les convertisseurs catalytiques et les r\u00e9sonateurs sont g\u00e9n\u00e9ralement mesur\u00e9s en tailles I.D.<br \/>\n\u2013 Les tuyaux tels que les tuyaux d\u2019extension et les queux sont mesur\u00e9s en tailles O.D.<br \/>\nBien que les deux types de pi\u00e8ces poss\u00e8dent le m\u00eame diam\u00e8tre annonc\u00e9, les tuyaux sont destin\u00e9s \u00e0 glisser dans les composants.<\/p>\n<div id=\"themify_builder_content-10106\" data-postid=\"10106\" class=\"themify_builder_content themify_builder_content-10106 themify_builder\">\n    <\/div>\n<!-- \/themify_builder_content -->\n","protected":false},"excerpt":{"rendered":"<p>R\u00e9duit un plus gros diam\u00e8tre ext\u00e9rieur de tuyau \u00e0 un diam\u00e8tre int\u00e9rieur plus petit de composant.<br \/>\nFabriqu\u00e9 par Walker<\/p>\n","protected":false},"featured_media":10083,"comment_status":"open","ping_status":"closed","template":"","meta":[],"product_brand":[],"product_cat":[178],"product_tag":[180,189,177,179],"class_list":{"0":"post-10106","1":"product","2":"type-product","3":"status-publish","4":"has-post-thumbnail","6":"product_cat-echappement","7":"product_tag-automotive-fr","8":"product_tag-fournitures-datelier","9":"product_tag-pieces-dautos","10":"product_tag-tuyau","11":"has-post-title","12":"has-post-date","13":"has-post-category","14":"has-post-tag","15":"has-post-comment","16":"has-post-author","17":"","18":"fullcover","20":"first","21":"outofstock","22":"taxable","23":"shipping-taxable","24":"purchasable","25":"product-type-variable"},"jetpack_sharing_enabled":true,"builder_content":"","_links":{"self":[{"href":"https:\/\/fittingsgo.com\/fr\/wp-json\/wp\/v2\/product\/10106","targetHints":{"allow":["GET"]}}],"collection":[{"href":"https:\/\/fittingsgo.com\/fr\/wp-json\/wp\/v2\/product"}],"about":[{"href":"https:\/\/fittingsgo.com\/fr\/wp-json\/wp\/v2\/types\/product"}],"replies":[{"embeddable":true,"href":"https:\/\/fittingsgo.com\/fr\/wp-json\/wp\/v2\/comments?post=10106"}],"wp:featuredmedia":[{"embeddable":true,"href":"https:\/\/fittingsgo.com\/fr\/wp-json\/wp\/v2\/media\/10083"}],"wp:attachment":[{"href":"https:\/\/fittingsgo.com\/fr\/wp-json\/wp\/v2\/media?parent=10106"}],"wp:term":[{"taxonomy":"product_brand","embeddable":true,"href":"https:\/\/fittingsgo.com\/fr\/wp-json\/wp\/v2\/product_brand?post=10106"},{"taxonomy":"product_cat","embeddable":true,"href":"https:\/\/fittingsgo.com\/fr\/wp-json\/wp\/v2\/product_cat?post=10106"},{"taxonomy":"product_tag","embeddable":true,"href":"https:\/\/fittingsgo.com\/fr\/wp-json\/wp\/v2\/product_tag?post=10106"}],"curies":[{"name":"wp","href":"https:\/\/api.w.org\/{rel}","templated":true}]}}