{"id":2811,"date":"2019-05-14T11:19:30","date_gmt":"2019-05-14T16:19:30","guid":{"rendered":"https:\/\/fittingsgo.com\/?page_id=2811"},"modified":"2024-06-06T21:24:24","modified_gmt":"2024-06-07T02:24:24","slug":"politique","status":"publish","type":"page","link":"https:\/\/fittingsgo.com\/fr\/politique\/","title":{"rendered":"Politique"},"content":{"rendered":"<div id=\"themify_builder_content-2811\" data-postid=\"2811\" class=\"themify_builder_content themify_builder_content-2811 themify_builder\">\n    \t<!-- module_row -->\n\t<div  class=\"themify_builder_row module_row clearfix module_row_0 themify_builder_2811_row module_row_2811-0 tb_572796b\">\n\t    \t    <div class=\"row_inner col_align_top\" >\n\t\t\t<div  class=\"module_column tb-column col4-1 first tb_2811_column module_column_0 module_column_2811-0-0 tb_e4d2086\" style=\"width: 16%\">\n\t    \t    \t<\/div>\n\t\t<div  class=\"module_column tb-column col4-2 middle tb_2811_column module_column_1 module_column_2811-0-1 tb_4310142\" style=\"width: 63%\">\n\t    \t    \t        <div class=\"tb-column-inner\">\n\t\t    <!-- module text -->\n<div  class=\"module module-text tb_8d9dc2b  repeat  \">\n            <div  class=\"tb_text_wrap\">\n    <h2>Politique de retour et exp\u00e9dition<\/h2>    <\/div>\n<\/div>\n<!-- \/module text -->\n\t        <\/div>\n\t    \t<\/div>\n\t\t<div  class=\"module_column tb-column col4-1 last tb_2811_column module_column_2 module_column_2811-0-2 tb_0922b78\" style=\"width: 14.6%\">\n\t    \t    \t<\/div>\n\t\t    <\/div>\n\t    <!-- \/row_inner -->\n\t<\/div>\n\t<!-- \/module_row -->\n\t\t<!-- module_row -->\n\t<div  class=\"themify_builder_row module_row clearfix module_row_1 themify_builder_2811_row module_row_2811-1 tb_5b9a990\">\n\t    \t    <div class=\"row_inner col_align_top\" >\n\t\t\t<div  class=\"module_column tb-column col-full first tb_2811_column module_column_0 module_column_2811-1-0 tb_1ae4ddc\">\n\t    \t    \t        <div class=\"tb-column-inner\">\n\t\t    <!-- module plain text -->\n<div  class=\"module module-plain-text tb_d821343  \">\n        <div class=\"tb_text_wrap\" >\n\t<p>Livraison \u00e0 travers le Canada: <\/p>    <\/div>\n<\/div>\n<!-- \/module plain text --><!-- module plain text -->\n<div  class=\"module module-plain-text tb_e513e33  \">\n        <div class=\"tb_text_wrap\" >\n\t<p> &#8211; FittingsGo offre une livraison standard avec Purolator Ground et\/ou Postes Canada pour 12.99 $ CAN, d&#8217;un oc\u00e9an \u00e0 l&#8217;autre. *Malheureusement, en raison de la r\u00e9alit\u00e9 g\u00e9ographique du Canada, nous devons facturer des frais d\u2019exp\u00e9dition plus \u00e9lev\u00e9s aux adresses tr\u00e8s \u00e9loign\u00e9es.<\/p>    <\/div>\n<\/div>\n<!-- \/module plain text --><!-- module plain text -->\n<div  class=\"module module-plain-text tb_1oqz181  \">\n        <div class=\"tb_text_wrap\" >\n\t<p> &#8211; D\u00e9lai d&#8217;exp\u00e9dition estim\u00e9: 1-2 jours ouvrables: Ontario, Qu\u00e9bec et Nouveau-Brunswick | 3-4 jours ouvrables: Alberta, Manitoba, Saskatchewan, Nouvelle-\u00c9cosse et \u00ce.-P.-\u00c9. | 5-6 jours ouvrables: Colombie-Britannique, Terre-Neuve et Labrador, Territoires du Nord-Ouest, Territoires du Yukon et Nunavut.<\/p>    <\/div>\n<\/div>\n<!-- \/module plain text --><!-- module plain text -->\n<div  class=\"module module-plain-text tb_77b2999  \">\n        <div class=\"tb_text_wrap\" >\n\t<p>&#8211; Une option d&#8217;exp\u00e9dition plus rapide avec Purolator Express est offerte \u00e0 des frais suppl\u00e9mentaires. <\/p>    <\/div>\n<\/div>\n<!-- \/module plain text -->\t        <\/div>\n\t    \t<\/div>\n\t\t    <\/div>\n\t    <!-- \/row_inner -->\n\t<\/div>\n\t<!-- \/module_row -->\n\t\t<!-- module_row -->\n\t<div  class=\"themify_builder_row module_row clearfix module_row_2 themify_builder_2811_row module_row_2811-2 tb_fbcf94c\">\n\t    \t    <div class=\"row_inner col_align_top\" >\n\t\t\t<div  class=\"module_column tb-column col-full first tb_2811_column module_column_0 module_column_2811-2-0 tb_ab2f3c8\">\n\t    \t    \t        <div class=\"tb-column-inner\">\n\t\t    <!-- module plain text -->\n<div  class=\"module module-plain-text tb_f7e3ba9  \">\n        <div class=\"tb_text_wrap\" >\n\t<p>&#8211; En cas de retour, le client sera responsable des frais d&#8217;exp\u00e9dition. Toutefois, si le client n&#8217;a pas re\u00e7u le bon article ou si ce dernier est d\u00e9fectueux, il sera rembours\u00e9 en totalit\u00e9.<\/p>    <\/div>\n<\/div>\n<!-- \/module plain text --><!-- module plain text -->\n<div  class=\"module module-plain-text tb_f0bc1de  \">\n        <div class=\"tb_text_wrap\" >\n\t<p>Exp\u00e9dition aux adresses am\u00e9ricaines ou internationales<\/p>    <\/div>\n<\/div>\n<!-- \/module plain text --><!-- module plain text -->\n<div  class=\"module module-plain-text tb_d946e4d  \">\n        <div class=\"tb_text_wrap\" >\n\t<p>&#8211; Nous livrons actuellement aux \u00c9tats-Unis. Pour l\u2019international, cependant, revenez r\u00e9guli\u00e8rement sur notre site car nos politiques peuvent changer.<\/p>    <\/div>\n<\/div>\n<!-- \/module plain text --><!-- module plain text -->\n<div  class=\"module module-plain-text tb_04df01d  \">\n        <div class=\"tb_text_wrap\" >\n\t<p>Processus de commandes<\/p>    <\/div>\n<\/div>\n<!-- \/module plain text --><!-- module plain text -->\n<div  class=\"module module-plain-text tb_cf13995  \">\n        <div class=\"tb_text_wrap\" >\n\t<p>&#8211; Les commandes re\u00e7ues avant 12h00 HNE les jours de semaine sont g\u00e9n\u00e9ralement exp\u00e9di\u00e9es le m\u00eame jour.<\/p>    <\/div>\n<\/div>\n<!-- \/module plain text --><!-- module plain text -->\n<div  class=\"module module-plain-text tb_37c420d  \">\n        <div class=\"tb_text_wrap\" >\n\t<p>&#8211; Les commandes re\u00e7ues le week-end sont g\u00e9n\u00e9ralement exp\u00e9di\u00e9es le jour ouvrable suivant.<\/p>    <\/div>\n<\/div>\n<!-- \/module plain text --><!-- module plain text -->\n<div  class=\"module module-plain-text tb_190bcf6  \">\n        <div class=\"tb_text_wrap\" >\n\t<p>Retours<\/p>    <\/div>\n<\/div>\n<!-- \/module plain text --><!-- module text -->\n<div  class=\"module module-text tb_3371cfb  repeat  \">\n            <div  class=\"tb_text_wrap\">\n    <p>&#8211; Nous avons une politique de retour de 30 jours. Les remboursements seront payables avec la m\u00eame m\u00e9thode que vous avez choisie lors de l&#8217;achat. Veuillez allouer jusqu&#8217;\u00e0 14 jours ouvrables pour le traitement des retours. Tous les retours doivent \u00eatre envoy\u00e9s \u00e0 l&#8217;adresse suivante:<br \/>1723 boul des Laurentides<br \/>Laval, Qc, H7M 2P5.<br \/>Pour toute question concernant les retours et les remboursements, veuillez contacter<br \/><a href=\"mailto:info@fittingsgo.com\">info@fittingsgo.com<\/a><\/p>    <\/div>\n<\/div>\n<!-- \/module text -->\n<!-- module plain text -->\n<div  class=\"module module-plain-text tb_c25eab6  \">\n        <div class=\"tb_text_wrap\" >\n\t<p>Guarantie(s)<\/p>    <\/div>\n<\/div>\n<!-- \/module plain text --><!-- module plain text -->\n<div  class=\"module module-plain-text tb_fa61295  \">\n        <div class=\"tb_text_wrap\" >\n\t<p>&#8211; Tous les produits vendus par FittingsGo sont vendus tels quels.<\/p>    <\/div>\n<\/div>\n<!-- \/module plain text --><!-- module plain text -->\n<div  class=\"module module-plain-text tb_fa2bb1e  \">\n        <div class=\"tb_text_wrap\" >\n\t<p>&#8211; FittingsGo n&#8217;est pas responsable des dommages ou des blessures r\u00e9sultant de l&#8217;utilisation ou de l&#8217;installation des produits achet\u00e9s sur notre site Web.<\/p>    <\/div>\n<\/div>\n<!-- \/module plain text -->\t        <\/div>\n\t    \t<\/div>\n\t\t    <\/div>\n\t    <!-- \/row_inner -->\n\t<\/div>\n\t<!-- \/module_row -->\n\t<\/div>\n\n\n","protected":false},"excerpt":{"rendered":"<p>Politique de retour et exp\u00e9dition Livraison \u00e0 travers le Canada: &#8211; FittingsGo offre une livraison standard avec Purolator Ground et\/ou Postes Canada pour 12.99 $ CAN, d&#8217;un oc\u00e9an \u00e0 l&#8217;autre. *Malheureusement, en raison de la r\u00e9alit\u00e9 g\u00e9ographique du Canada, nous devons facturer des frais d\u2019exp\u00e9dition plus \u00e9lev\u00e9s aux adresses tr\u00e8s \u00e9loign\u00e9es. &#8211; D\u00e9lai d&#8217;exp\u00e9dition estim\u00e9: [&hellip;]<\/p>\n","protected":false},"author":1,"featured_media":0,"parent":0,"menu_order":0,"comment_status":"closed","ping_status":"closed","template":"","meta":{"footnotes":""},"class_list":["post-2811","page","type-page","status-publish","hentry","has-post-title","has-post-date","has-post-category","has-post-tag","has-post-comment","has-post-author",""],"jetpack_sharing_enabled":true,"builder_content":"<h2>Politique de retour et exp\u00e9dition<\/h2>\n<p>Livraison \u00e0 travers le Canada: <\/p>\n<p> - FittingsGo offre une livraison standard avec Purolator Ground et\/ou Postes Canada pour 12.99 $ CAN, d'un oc\u00e9an \u00e0 l'autre. *Malheureusement, en raison de la r\u00e9alit\u00e9 g\u00e9ographique du Canada, nous devons facturer des frais d\u2019exp\u00e9dition plus \u00e9lev\u00e9s aux adresses tr\u00e8s \u00e9loign\u00e9es.<\/p>\n<p> - D\u00e9lai d'exp\u00e9dition estim\u00e9: 1-2 jours ouvrables: Ontario, Qu\u00e9bec et Nouveau-Brunswick | 3-4 jours ouvrables: Alberta, Manitoba, Saskatchewan, Nouvelle-\u00c9cosse et \u00ce.-P.-\u00c9. | 5-6 jours ouvrables: Colombie-Britannique, Terre-Neuve et Labrador, Territoires du Nord-Ouest, Territoires du Yukon et Nunavut.<\/p>\n<p>- Une option d'exp\u00e9dition plus rapide avec Purolator Express est offerte \u00e0 des frais suppl\u00e9mentaires. <\/p>\n<p>- En cas de retour, le client sera responsable des frais d'exp\u00e9dition. Toutefois, si le client n'a pas re\u00e7u le bon article ou si ce dernier est d\u00e9fectueux, il sera rembours\u00e9 en totalit\u00e9.<\/p>\n<p>Exp\u00e9dition aux adresses am\u00e9ricaines ou internationales<\/p>\n<p>- Nous livrons actuellement aux \u00c9tats-Unis. Pour l\u2019international, cependant, revenez r\u00e9guli\u00e8rement sur notre site car nos politiques peuvent changer.<\/p>\n<p>Processus de commandes<\/p>\n<p>- Les commandes re\u00e7ues avant 12h00 HNE les jours de semaine sont g\u00e9n\u00e9ralement exp\u00e9di\u00e9es le m\u00eame jour.<\/p>\n<p>- Les commandes re\u00e7ues le week-end sont g\u00e9n\u00e9ralement exp\u00e9di\u00e9es le jour ouvrable suivant.<\/p>\n<p>Retours<\/p>\n<p>- Nous avons une politique de retour de 30 jours. Les remboursements seront payables avec la m\u00eame m\u00e9thode que vous avez choisie lors de l'achat. Veuillez allouer jusqu'\u00e0 14 jours ouvrables pour le traitement des retours. Tous les retours doivent \u00eatre envoy\u00e9s \u00e0 l'adresse suivante:<br \/>1723 boul des Laurentides<br \/>Laval, Qc, H7M 2P5.<br \/>Pour toute question concernant les retours et les remboursements, veuillez contacter<br \/><a href=\"mailto:info@fittingsgo.com\">info@fittingsgo.com<\/a><\/p>\n<p>Guarantie(s)<\/p>\n<p>- Tous les produits vendus par FittingsGo sont vendus tels quels.<\/p>\n<p>- FittingsGo n'est pas responsable des dommages ou des blessures r\u00e9sultant de l'utilisation ou de l'installation des produits achet\u00e9s sur notre site Web.<\/p>","_links":{"self":[{"href":"https:\/\/fittingsgo.com\/fr\/wp-json\/wp\/v2\/pages\/2811","targetHints":{"allow":["GET"]}}],"collection":[{"href":"https:\/\/fittingsgo.com\/fr\/wp-json\/wp\/v2\/pages"}],"about":[{"href":"https:\/\/fittingsgo.com\/fr\/wp-json\/wp\/v2\/types\/page"}],"author":[{"embeddable":true,"href":"https:\/\/fittingsgo.com\/fr\/wp-json\/wp\/v2\/users\/1"}],"replies":[{"embeddable":true,"href":"https:\/\/fittingsgo.com\/fr\/wp-json\/wp\/v2\/comments?post=2811"}],"version-history":[{"count":17,"href":"https:\/\/fittingsgo.com\/fr\/wp-json\/wp\/v2\/pages\/2811\/revisions"}],"predecessor-version":[{"id":21352,"href":"https:\/\/fittingsgo.com\/fr\/wp-json\/wp\/v2\/pages\/2811\/revisions\/21352"}],"wp:attachment":[{"href":"https:\/\/fittingsgo.com\/fr\/wp-json\/wp\/v2\/media?parent=2811"}],"curies":[{"name":"wp","href":"https:\/\/api.w.org\/{rel}","templated":true}]}}