{"id":13221,"date":"2020-03-30T15:54:47","date_gmt":"2020-03-30T20:54:47","guid":{"rendered":"https:\/\/fittingsgo.com\/?page_id=13221"},"modified":"2020-04-25T12:05:12","modified_gmt":"2020-04-25T17:05:12","slug":"demandes-speciales","status":"publish","type":"page","link":"https:\/\/fittingsgo.com\/fr\/demandes-speciales\/","title":{"rendered":"Demandes sp\u00e9ciales"},"content":{"rendered":"<div id=\"themify_builder_content-13221\" data-postid=\"13221\" class=\"themify_builder_content themify_builder_content-13221 themify_builder\">\n    \t<!-- module_row -->\n\t<div   class=\"themify_builder_row module_row clearfix module_row_0 themify_builder_13221_row module_row_13221-0 tb_e0vc812\">\n\t    \t    <div class=\"row_inner col_align_middle\"   data-basecol=\"2\" data-col_tablet=\"column-full\" data-col_tablet_landscape=\"column4-2\" data-col_mobile=\"column-full\">\n\t\t\t<div  class=\"module_column tb-column col4-2 first tb_13221_column module_column_0 module_column_13221-0-0 tb_uhi9813\" >\n\t    \t    \t        <div class=\"tb-column-inner\">\n\t\t    <!-- module text -->\n<div  class=\"module module-text tb_wvtj813    \" style=\"z-index:3;\">\n            <div  class=\"tb_text_wrap\">\n    <h2>Demandes Sp\u00e9ciales<\/h2>    <\/div>\n<\/div>\n<!-- \/module text -->\n<!-- module text -->\n<div  class=\"module module-text tb_vz7u813    \">\n            <div  class=\"tb_text_wrap\">\n    <p>FittingsGo.com est une boutique en ligne qui vend des pi\u00e8ces d&#8217;auto universelles. Si vous avez besoin de pi\u00e8ces sp\u00e9cifiques ou de toute autre demande sp\u00e9ciale, cette page est l\u00e0 pour vous.<\/p>\n<p>Veuillez remplir le formulaire et, si possible, nous ajouterons le ou les articles \u00e0 notre page de demande sp\u00e9ciales.<\/p>\n<p>Vous serez averti par courriel lorsque les pi\u00e8ces seront ajout\u00e9es.<\/p>    <\/div>\n<\/div>\n<!-- \/module text -->\n\t        <\/div>\n\t    \t<\/div>\n\t\t<div  class=\"module_column tb-column col4-2 last tb_13221_column module_column_1 module_column_13221-0-1 tb_xv9d814\" >\n\t    \t    \t        <div class=\"tb-column-inner\">\n\t\t    <!-- module text -->\n<div  class=\"module module-text tb_e514937  repeat  \">\n            <div  class=\"tb_text_wrap\">\n    \n<div class=\"wpcf7 no-js\" id=\"wpcf7-f2825-o1\" lang=\"en-US\" dir=\"ltr\" data-wpcf7-id=\"2825\">\n<div class=\"screen-reader-response\"><p role=\"status\" aria-live=\"polite\" aria-atomic=\"true\"> <ul><\/ul><\/div>\n<form action=\"\/fr\/wp-json\/wp\/v2\/pages\/13221#wpcf7-f2825-o1\" method=\"post\" class=\"wpcf7-form init\" aria-label=\"Contact form\" novalidate=\"novalidate\" data-status=\"init\">\n<fieldset class=\"hidden-fields-container\"><input type=\"hidden\" name=\"_wpcf7\" value=\"2825\" \/><input type=\"hidden\" name=\"_wpcf7_version\" value=\"6.1.2\" \/><input type=\"hidden\" name=\"_wpcf7_locale\" value=\"en_US\" \/><input type=\"hidden\" name=\"_wpcf7_unit_tag\" value=\"wpcf7-f2825-o1\" \/><input type=\"hidden\" name=\"_wpcf7_container_post\" value=\"0\" \/><input type=\"hidden\" name=\"_wpcf7_posted_data_hash\" value=\"\" \/>\n<\/fieldset>\n<p><label> Votre nom (requis)<br \/>\n<span class=\"wpcf7-form-control-wrap\" data-name=\"your-name\"><input size=\"40\" maxlength=\"400\" class=\"wpcf7-form-control wpcf7-text wpcf7-validates-as-required\" aria-required=\"true\" aria-invalid=\"false\" value=\"\" type=\"text\" name=\"your-name\" \/><\/span> <\/label>\n<\/p>\n<p><label> Votre addresse courriel (requis)<br \/>\n<span class=\"wpcf7-form-control-wrap\" data-name=\"your-email\"><input size=\"40\" maxlength=\"400\" class=\"wpcf7-form-control wpcf7-email wpcf7-validates-as-required wpcf7-text wpcf7-validates-as-email\" aria-required=\"true\" aria-invalid=\"false\" value=\"\" type=\"email\" name=\"your-email\" \/><\/span> <\/label>\n<\/p>\n<p><label> Sujet<br \/>\n<span class=\"wpcf7-form-control-wrap\" data-name=\"your-subject\"><input size=\"40\" maxlength=\"400\" class=\"wpcf7-form-control wpcf7-text\" aria-invalid=\"false\" value=\"\" type=\"text\" name=\"your-subject\" \/><\/span> <\/label>\n<\/p>\n<p><label> Votre message<br \/>\n<span class=\"wpcf7-form-control-wrap\" data-name=\"your-message\"><textarea cols=\"40\" rows=\"10\" maxlength=\"2000\" class=\"wpcf7-form-control wpcf7-textarea\" aria-invalid=\"false\" name=\"your-message\"><\/textarea><\/span> <\/label>\n<\/p>\n<p><input class=\"wpcf7-form-control wpcf7-submit has-spinner\" type=\"submit\" value=\"Envoyer\" \/>\n<\/p><div class=\"wpcf7-response-output\" aria-hidden=\"true\"><\/div>\n<\/form>\n<\/div>\n    <\/div>\n<\/div>\n<!-- \/module text -->\n\t        <\/div>\n\t    \t<\/div>\n\t\t    <\/div>\n\t    <!-- \/row_inner -->\n\t<\/div>\n\t<!-- \/module_row -->\n\t\t<!-- module_row -->\n\t<div  class=\"themify_builder_row module_row clearfix module_row_2 themify_builder_13221_row module_row_13221-2 tb_ob0t812\">\n\t    \t    <div class=\"row_inner col_align_top\" >\n\t\t\t<div  class=\"module_column tb-column col-full first tb_13221_column module_column_0 module_column_13221-2-0 tb_qvtb815\">\n\t    \t    \t        <div class=\"tb-column-inner\">\n\t\t    <script type=\"text\/javascript\">\n\t\t\t\t\t\t\t\t\tvar id =\"product-categories-css\";\n\t\t\t\t\t\t\t\t\tif(document.getElementById(id)===null){\n\t\t\t\t\t\t\t\t\t    var link = document.createElement(\"link\");\n\t\t\t\t\t\t\t\t\t    link.rel=\"stylesheet\";\n\t\t\t\t\t\t\t\t\t    link.type=\"text\/css\";\n\t\t\t\t\t\t\t\t\t    link.id=id;\n\t\t\t\t\t\t\t\t\t    link.href=\"https:\/\/fittingsgo.com\/wp-content\/plugins\/builder-woocommerce\/assets\/style.min.css?ver=1.4.6\";\n\t\t\t\t\t\t\t\t\t    document.body.appendChild(link);\n\t\t\t\t\t\t\t\t\t}\n\t\t\t\t\t\t\t<\/script><!-- module product categories -->\n<div  id=\"product-categories-13221-2-0-0\" class=\"module module-product-categories product-categories-13221-2-0-0   shows_none tb_0u21815\">\n\t\t\n\t\t<div class=\"woocommerce columns-3\">\n\t\t\t\t\t<ul class=\"products\">\n\t\t\t\t\t\t\t\t\t\t\t\t\t\t<li class=\"product-category product first\">\n\n\t\t\t\t\t\t<a aria-label=\"Acc\u00e9der \u00e0 la cat\u00e9gorie de produits Demandes sp\u00e9ciales\" href=\"https:\/\/fittingsgo.com\/fr\/product-category\/requetes\/\">\t\t\t\t\t\t<img loading=\"lazy\" decoding=\"async\" src=\"https:\/\/i0.wp.com\/fittingsgo.com\/wp-content\/uploads\/2020\/04\/requests.jpeg?resize=300%2C300&#038;ssl=1\" alt=\"Demandes sp\u00e9ciales\" width=\"300\" height=\"300\" srcset=\"https:\/\/i0.wp.com\/fittingsgo.com\/wp-content\/uploads\/2020\/04\/requests.jpeg?w=800&amp;ssl=1 800w, https:\/\/i0.wp.com\/fittingsgo.com\/wp-content\/uploads\/2020\/04\/requests.jpeg?resize=300%2C300&amp;ssl=1 300w, https:\/\/i0.wp.com\/fittingsgo.com\/wp-content\/uploads\/2020\/04\/requests.jpeg?resize=150%2C150&amp;ssl=1 150w, https:\/\/i0.wp.com\/fittingsgo.com\/wp-content\/uploads\/2020\/04\/requests.jpeg?resize=768%2C768&amp;ssl=1 768w, https:\/\/i0.wp.com\/fittingsgo.com\/wp-content\/uploads\/2020\/04\/requests.jpeg?resize=40%2C40&amp;ssl=1 40w, https:\/\/i0.wp.com\/fittingsgo.com\/wp-content\/uploads\/2020\/04\/requests.jpeg?resize=600%2C600&amp;ssl=1 600w, https:\/\/i0.wp.com\/fittingsgo.com\/wp-content\/uploads\/2020\/04\/requests.jpeg?resize=100%2C100&amp;ssl=1 100w\" sizes=\"auto, (max-width: 300px) 100vw, 300px\" \/>\t\t\t\t\t\t<\/a>\t\t\t\t\t\t\t\t\t\t\t\t<a aria-label=\"Acc\u00e9der \u00e0 la cat\u00e9gorie de produits Demandes sp\u00e9ciales\" href=\"https:\/\/fittingsgo.com\/fr\/product-category\/requetes\/\">\t\t\t\t\t\t<h3>\n\t\t\t\t\t\t\tDemandes sp\u00e9ciales\t\t\t\t\t\t<\/h3>\n\t\t\t\t\t\t<\/a>\n\t\t\t\t\t\t                        \n\t\t\t\t\t<\/li>\n\t\t\t\t\t\t\t\t<\/ul>\n\t\t\t\t\t<\/div>\n\t<\/div>\n<!-- module product categories -->\n\t        <\/div>\n\t    \t<\/div>\n\t\t    <\/div>\n\t    <!-- \/row_inner -->\n\t<\/div>\n\t<!-- \/module_row -->\n\t<\/div>\n\n","protected":false},"excerpt":{"rendered":"<p>Demandes Sp\u00e9ciales FittingsGo.com est une boutique en ligne qui vend des pi\u00e8ces d&#8217;auto universelles. Si vous avez besoin de pi\u00e8ces sp\u00e9cifiques ou de toute autre demande sp\u00e9ciale, cette page est l\u00e0 pour vous. Veuillez remplir le formulaire et, si possible, nous ajouterons le ou les articles \u00e0 notre page de demande sp\u00e9ciales. Vous serez averti [&hellip;]<\/p>\n","protected":false},"author":1,"featured_media":0,"parent":0,"menu_order":0,"comment_status":"closed","ping_status":"closed","template":"","meta":{"footnotes":""},"class_list":["post-13221","page","type-page","status-publish","hentry","has-post-title","has-post-date","has-post-category","has-post-tag","has-post-comment","has-post-author",""],"jetpack_sharing_enabled":true,"builder_content":"<h2>Demandes Sp\u00e9ciales<\/h2>\n<p>FittingsGo.com est une boutique en ligne qui vend des pi\u00e8ces d'auto universelles. Si vous avez besoin de pi\u00e8ces sp\u00e9cifiques ou de toute autre demande sp\u00e9ciale, cette page est l\u00e0 pour vous.<\/p> <p>Veuillez remplir le formulaire et, si possible, nous ajouterons le ou les articles \u00e0 notre page de demande sp\u00e9ciales.<\/p> <p>Vous serez averti par courriel lorsque les pi\u00e8ces seront ajout\u00e9es.<\/p>\n<p>[contact-form-7 id=\"2825\" title=\"Contact Form Fr\"]<\/p>\n<ul> <li>\n <a aria-label=\"Acc\u00e9der \u00e0 la cat\u00e9gorie de produits Demandes sp\u00e9ciales\" href=\"https:\/\/fittingsgo.com\/fr\/product-category\/requetes\/\"> <img src=\"https:\/\/i0.wp.com\/fittingsgo.com\/wp-content\/uploads\/2020\/04\/requests.jpeg?resize=300%2C300&#038;ssl=1\" alt=\"Demandes sp\u00e9ciales\" width=\"300\" height=\"300\" srcset=\"https:\/\/i0.wp.com\/fittingsgo.com\/wp-content\/uploads\/2020\/04\/requests.jpeg?w=800&amp;ssl=1 800w, https:\/\/i0.wp.com\/fittingsgo.com\/wp-content\/uploads\/2020\/04\/requests.jpeg?resize=300%2C300&amp;ssl=1 300w, https:\/\/i0.wp.com\/fittingsgo.com\/wp-content\/uploads\/2020\/04\/requests.jpeg?resize=150%2C150&amp;ssl=1 150w, https:\/\/i0.wp.com\/fittingsgo.com\/wp-content\/uploads\/2020\/04\/requests.jpeg?resize=768%2C768&amp;ssl=1 768w, https:\/\/i0.wp.com\/fittingsgo.com\/wp-content\/uploads\/2020\/04\/requests.jpeg?resize=40%2C40&amp;ssl=1 40w, https:\/\/i0.wp.com\/fittingsgo.com\/wp-content\/uploads\/2020\/04\/requests.jpeg?resize=600%2C600&amp;ssl=1 600w, https:\/\/i0.wp.com\/fittingsgo.com\/wp-content\/uploads\/2020\/04\/requests.jpeg?resize=100%2C100&amp;ssl=1 100w\" sizes=\"(max-width: 300px) 100vw, 300px\" \/> <\/a> <a aria-label=\"Acc\u00e9der \u00e0 la cat\u00e9gorie de produits Demandes sp\u00e9ciales\" href=\"https:\/\/fittingsgo.com\/fr\/product-category\/requetes\/\"> <h3> Demandes sp\u00e9ciales <\/h3> <\/a> <\/li> <\/ul>","_links":{"self":[{"href":"https:\/\/fittingsgo.com\/fr\/wp-json\/wp\/v2\/pages\/13221","targetHints":{"allow":["GET"]}}],"collection":[{"href":"https:\/\/fittingsgo.com\/fr\/wp-json\/wp\/v2\/pages"}],"about":[{"href":"https:\/\/fittingsgo.com\/fr\/wp-json\/wp\/v2\/types\/page"}],"author":[{"embeddable":true,"href":"https:\/\/fittingsgo.com\/fr\/wp-json\/wp\/v2\/users\/1"}],"replies":[{"embeddable":true,"href":"https:\/\/fittingsgo.com\/fr\/wp-json\/wp\/v2\/comments?post=13221"}],"version-history":[{"count":5,"href":"https:\/\/fittingsgo.com\/fr\/wp-json\/wp\/v2\/pages\/13221\/revisions"}],"predecessor-version":[{"id":15202,"href":"https:\/\/fittingsgo.com\/fr\/wp-json\/wp\/v2\/pages\/13221\/revisions\/15202"}],"wp:attachment":[{"href":"https:\/\/fittingsgo.com\/fr\/wp-json\/wp\/v2\/media?parent=13221"}],"curies":[{"name":"wp","href":"https:\/\/api.w.org\/{rel}","templated":true}]}}